{"id":764107,"date":"2020-10-05T14:03:16","date_gmt":"2020-10-05T14:03:16","guid":{"rendered":"https:\/\/www.jebailylaw.com\/incapacidad-del-seguro-social\/"},"modified":"2024-05-29T16:51:04","modified_gmt":"2024-05-29T16:51:04","slug":"incapacidad-del-seguro-social","status":"publish","type":"page","link":"https:\/\/www.jebailylaw.com\/es\/incapacidad-del-seguro-social\/","title":{"rendered":"Incapacidad del Seguro Social"},"content":{"rendered":"<h2>Obtenga los beneficios que se merece en Florencia<\/h2>\n<p>La Incapacidad del Seguro Social, a menudo llamada SSD, es un programa de seguro administrado a nivel federal que proporciona ingresos a personas que no pueden trabajar debido a una discapacidad f\u00edsica o mental.<\/p>\n<h2>\u00bfQui\u00e9n califica para el seguro de discapacidad en Florencia?<\/h2>\n<h3>Para calificar para los beneficios del Seguro de Incapacidad, una persona debe:<\/h3>\n<ul>\n<li>Tener una condici\u00f3n f\u00edsica o mental que le impida realizar una actividad lucrativa sustancial. (El Servicio de Impuestos Internos define actividad lucrativa sustancial como \u201cel desempe\u00f1o de deberes importantes durante un per\u00edodo de tiempo razonable mientras se trabaja por una remuneraci\u00f3n o ganancia, o en un trabajo generalmente realizado por una remuneraci\u00f3n o ganancia\u201d).<\/li>\n<li>Tiene una condici\u00f3n que se espera que dure al menos 12 meses o resulte en la muerte.<\/li>\n<li>Ser menor de 65 a\u00f1os.<\/li>\n<li>Haber trabajado y pagado impuestos del Seguro Social el tiempo suficiente para estar asegurado.<br \/>\nLa discapacidad de SSI no se basa en la necesidad financiera. Una persona discapacitada de cualquier nivel de ingresos puede recibir SSD.<\/li>\n<\/ul>\n<h2>\u00bfC\u00f3mo decide la Administraci\u00f3n de Discapacidad de SSI sobre un reclamo?<\/h2>\n<p>Debe presentar una solicitud de SSD a la Administraci\u00f3n del Seguro Social, acompa\u00f1ada de evidencia m\u00e9dica de la discapacidad. Luego, la Administraci\u00f3n de discapacidad de SSI analiza la siguiente serie de preguntas para decidir si su reclamo ser\u00e1 concedido o denegado:<\/p>\n<ul>\n<li><strong>\u00bfLa persona est\u00e1 realizando una actividad lucrativa sustancial?<\/strong><br \/>\n<em>Si la respuesta es afirmativa, se deniega la reclamaci\u00f3n; si la respuesta es no, el revisor pasa a la siguiente pregunta.<\/em><\/li>\n<li><strong>\u00bfEs grave el deterioro de la persona?<\/strong><br \/>\n<em>Si la respuesta es negativa, se desestima la reclamaci\u00f3n; si la respuesta es s\u00ed, el revisor pasa a la siguiente pregunta.<\/em><\/li>\n<li><strong>\u00bfEl impedimento iguala o excede la severidad de los impedimentos en la lista de impedimentos? (Esta es una lista de condiciones f\u00edsicas y mentales que autom\u00e1ticamente lo califican para recibir beneficios por incapacidad).<\/strong><br \/>\n<em>Si la respuesta es afirmativa, entonces se aprueba el reclamo; si la respuesta es no, el revisor pasa a la siguiente pregunta.<\/em><\/li>\n<li><strong>\u00bfPuede la persona realizar el trabajo que ha realizado en el pasado?<\/strong><br \/>\n<em>Si la respuesta es afirmativa, se deniega la reclamaci\u00f3n; si la respuesta es no, el revisor pasa a la siguiente pregunta.<\/em><\/li>\n<li><strong>\u00bfPuede la persona realizar alg\u00fan trabajo en la econom\u00eda?<\/strong><br \/>\n<em>Si la respuesta es afirmativa, se desestima la reclamaci\u00f3n; si la respuesta es no, se aprueba el reclamo.<\/em><\/li>\n<\/ul>\n<h2>Preguntas frecuentes sobre discapacidad del Seguro Social de Florence<\/h2>\n<p>Las personas interesadas en obtener beneficios por incapacidad del Seguro Social a menudo tienen muchas preguntas sobre el <a href=\"https:\/\/www.socialsecurity.gov\/applyfordisability\/\">proceso general<\/a>. Las siguientes son respuestas a las preguntas frecuentes sobre discapacidad del Seguro Social en Carolina del Sur que otros posibles reclamantes podr\u00edan solicitar a un abogado.<\/p>\n<div class=\"qa-faqs qa-category cf animation-fade accordion collapsible\">\r\n\t\t<div class=\"qa-category\">\r\n\t\t\t<h2 class=\"faq-catname\">Social Security Disability<\/h2>\r\n\t\t\t<div id=\"qa-faq0\" class=\"qa-faq\">\r\n\t\t\t<h3 class=\"qa-faq-title\"><a class=\"qa-faq-anchor\" href=\"https:\/\/www.jebailylaw.com\/es\/faqs\/que-es-la-incapacidad-del-seguro-social\/\">\u00bfQu\u00e9 es la Incapacidad del Seguro Social?<\/a><\/h3>\r\n\t\t\t<div class=\"qa-faq-answer\"><p>La Incapacidad del Seguro Social es parte del Sistema de Seguro Social y est\u00e1 disponible para trabajadores que han pagado impuestos al Seguro Social durante al menos 10 trimestres. Si queda discapacitado de acuerdo con las pautas del Seguro Social, puede ser elegible para recibir beneficios del Seguro Social. Si no ha pagado impuestos del Seguro Social durante el per\u00edodo de tiempo requerido, pero est\u00e1 discapacitado y cumple con las pautas financieras, puede ser elegible para recibir Seguridad de Ingreso Suplementario (SSI). Comun\u00edquese con nuestro abogado de discapacidad del Seguro Social para obtener m\u00e1s informaci\u00f3n.<\/p>\n<\/div><!--.qa-faq-answer-->\r\n\t\t\t\t<\/div><!--.qa-faq-->\r\n\t\t\t<div id=\"qa-faq1\" class=\"qa-faq\">\r\n\t\t\t<h3 class=\"qa-faq-title\"><a class=\"qa-faq-anchor\" href=\"https:\/\/www.jebailylaw.com\/es\/faqs\/que-se-considera-discapacitado\/\">\u00bfQu\u00e9 se considera discapacitado?<\/a><\/h3>\r\n\t\t\t<div class=\"qa-faq-answer\"><p>La Administraci\u00f3n del Seguro Social define una persona \u201cdiscapacitada\u201d como aquella que est\u00e1 discapacitada por una enfermedad, lesi\u00f3n o condici\u00f3n f\u00edsica o mental (o una combinaci\u00f3n de esas tres) durante al menos un a\u00f1o; y esa enfermedad, lesi\u00f3n o condici\u00f3n debe impedirle realizar cualquier trabajo sustancial (no solo su trabajo habitual). Tambi\u00e9n se considera c\u00f3mo el dolor afecta su trabajo. Cumplir con estos requisitos puede resultar dif\u00edcil porque las regulaciones del Seguro Social exigen documentaci\u00f3n m\u00e9dica (como radiograf\u00edas, pruebas u otras formas de documentaci\u00f3n m\u00e9dica) y no solo la opini\u00f3n de un m\u00e9dico. La Administraci\u00f3n de la Seguridad Social puede incluso exigir ex\u00e1menes adicionales (a su cargo). Si se niega a cooperar en estas evaluaciones adicionales, es probable que se rechace su reclamo.<\/p>\n<\/div><!--.qa-faq-answer-->\r\n\t\t\t\t<\/div><!--.qa-faq-->\r\n\t\t\t<div id=\"qa-faq2\" class=\"qa-faq\">\r\n\t\t\t<h3 class=\"qa-faq-title\"><a class=\"qa-faq-anchor\" href=\"https:\/\/www.jebailylaw.com\/es\/faqs\/que-tipo-de-discapacidades-debo-tener-para-calificar-para-los-beneficios\/\">\u00bfQu\u00e9 tipo de discapacidades debo tener para calificar para los beneficios?<\/a><\/h3>\r\n\t\t\t<div class=\"qa-faq-answer\"><p>En t\u00e9rminos generales, usted debe estar completamente discapacitado para poder recibir beneficios de Incapacidad del Seguro Social, lo que significa que debe sufrir una condici\u00f3n que le impida realizar cualquier trabajo sustancial y remunerado. Adem\u00e1s, su abogado de discapacidad le informar\u00e1 que debe haber pagado lo suficiente al sistema de Seguridad Social durante un per\u00edodo de tiempo determinado. Espec\u00edficamente, las personas calificar\u00e1n si han pagado al sistema durante al menos 40 trimestres, 20 de los cuales deber\u00edan haber ocurrido dentro de los \u00faltimos 10 a\u00f1os antes de quedar discapacitado.<\/p>\n<p>Las discapacidades incluyen (pero no se limitan a) las siguientes condiciones:<\/p>\n<ul>\n<li>Ansiedad y depresi\u00f3n<\/li>\n<li>Dolor de espalda, cuello y articulaciones.<\/li>\n<li>Trastornos respiratorios<\/li>\n<li>Dolor en dedos\/mano\/mu\u00f1eca<\/li>\n<li>Problemas cardiacos<\/li>\n<li>P\u00e9rdida de memoria<\/li>\n<li>Migra\u00f1as<\/li>\n<li>Convulsiones<\/li>\n<li>Ataque<\/li>\n<li>P\u00e9rdida de visi\u00f3n\/audici\u00f3n<\/li>\n<li>Debilidad\/fatiga<\/li>\n<\/ul>\n<\/div><!--.qa-faq-answer-->\r\n\t\t\t\t<\/div><!--.qa-faq-->\r\n\t\t\t<div id=\"qa-faq3\" class=\"qa-faq\">\r\n\t\t\t<h3 class=\"qa-faq-title\"><a class=\"qa-faq-anchor\" href=\"https:\/\/www.jebailylaw.com\/es\/faqs\/que-beneficios-obtendre\/\">\u00bfQu\u00e9 beneficios obtendr\u00e9?<\/a><\/h3>\r\n\t\t\t<div class=\"qa-faq-answer\"><p>Seg\u00fan sus registros, recibir\u00e1 un cheque mensual a partir de la fecha en que present\u00f3 su solicitud o se volvi\u00f3 elegible, y tambi\u00e9n ser\u00e1 elegible para recibir beneficios m\u00e9dicos. Si tiene un c\u00f3nyuge y\/o hijos dependientes, ellos tambi\u00e9n podr\u00edan ser elegibles para recibir beneficios adicionales.<\/p>\n<\/div><!--.qa-faq-answer-->\r\n\t\t\t\t<\/div><!--.qa-faq-->\r\n\t\t\t<div id=\"qa-faq4\" class=\"qa-faq\">\r\n\t\t\t<h3 class=\"qa-faq-title\"><a class=\"qa-faq-anchor\" href=\"https:\/\/www.jebailylaw.com\/es\/faqs\/cuando-debo-presentar-la-solicitud\/\">\u00bfCu\u00e1ndo debo presentar la solicitud?<\/a><\/h3>\r\n\t\t\t<div class=\"qa-faq-answer\"><p>Si se lesiona, debe presentar la solicitud tan pronto como su m\u00e9dico determine que su condici\u00f3n le impedir\u00e1 trabajar durante al menos un a\u00f1o. Si cumple con los lineamientos, tiene derecho a estos beneficios como contribuyente al Fondo Fiduciario del Seguro Social, y debe aprovecharlos si los necesita.<\/p>\n<\/div><!--.qa-faq-answer-->\r\n\t\t\t\t<\/div><!--.qa-faq-->\r\n\t\t\t<div id=\"qa-faq5\" class=\"qa-faq\">\r\n\t\t\t<h3 class=\"qa-faq-title\"><a class=\"qa-faq-anchor\" href=\"https:\/\/www.jebailylaw.com\/es\/faqs\/como-aplico\/\">\u00bfC\u00f3mo aplico?<\/a><\/h3>\r\n\t\t\t<div class=\"qa-faq-answer\"><p>Puede presentar su solicitud en l\u00ednea haciendo <a href=\"https:\/\/www.ssa.gov\/disability\">clic aqu\u00ed<\/a> y siguiendo las instrucciones. Al presentar la solicitud en l\u00ednea, no necesita esperar una cita y puede presentar la solicitud desde la comodidad de cualquier computadora y ahorrar dinero al evitar m\u00faltiples viajes a la oficina local del Seguro Social. Si decide no presentar la solicitud en l\u00ednea, su oficina local del Seguro Social le ayudar\u00e1 con el proceso de solicitud. Deber\u00e1 llamar a su oficina local del Seguro Social y programar una cita para presentar su solicitud de beneficios. La oficina del Seguro Social tomar\u00e1 su solicitud ya sea personalmente o por tel\u00e9fono, lo que sea m\u00e1s conveniente para usted. Si tiene un c\u00f3nyuge o hijos dependientes, tambi\u00e9n ser\u00e1 necesario que complete una solicitud en su nombre. Luego, la oficina del Seguro Social le enviar\u00e1 por correo los formularios que debe completar antes de su cita con ellos. Estos formularios requerir\u00e1n informaci\u00f3n como los medicamentos que est\u00e1 tomando actualmente, el nombre de su(s) m\u00e9dico(s) y direcciones, as\u00ed como las de sus empleadores anteriores. Si este material se proporciona a la oficina del Seguro Social cuando se realiza su reclamo, ayudar\u00e1 a acelerar el proceso.<\/p>\n<\/div><!--.qa-faq-answer-->\r\n\t\t\t\t<\/div><!--.qa-faq-->\r\n\t\t\t<div id=\"qa-faq6\" class=\"qa-faq\">\r\n\t\t\t<h3 class=\"qa-faq-title\"><a class=\"qa-faq-anchor\" href=\"https:\/\/www.jebailylaw.com\/es\/faqs\/necesito-la-ayuda-de-un-abogado\/\">\u00bfNecesito la ayuda de un abogado?<\/a><\/h3>\r\n\t\t\t<div class=\"qa-faq-answer\"><p>Una persona puede comenzar f\u00e1cilmente el proceso de solicitud sin la ayuda de un abogado. Sin embargo, cada a\u00f1o a muchas personas se les niegan innecesariamente los beneficios del Seguro Social y del SSI. Si se le niegan los beneficios pero cree que cumple con los requisitos, es posible que necesite un abogado con experiencia para revisar su caso y\/o desarrollar y argumentar su caso de apelaci\u00f3n.<\/p>\n<\/div><!--.qa-faq-answer-->\r\n\t\t\t\t<\/div><!--.qa-faq-->\r\n\t\t\t<\/div><!--.qa-category-->\r\n\t\t<\/div><!--.qa-faqs -->\n<h2>Nuestros abogados de discapacidad del Seguro Social de Florence pueden ayudar<\/h2>\n<p>Solicitar beneficios de SSD puede resultar tedioso y frustrante para un profano. La mayor\u00eda de las personas que solicitan beneficios son rechazadas al principio, a menudo por falta de pruebas adecuadas o razones t\u00e9cnicas. Sin embargo, muchas personas cuyos reclamos son inicialmente rechazados pueden apelar y eventualmente obtener la aprobaci\u00f3n.<\/p>\n<p>Si ya solicit\u00f3 SSD por su cuenta y fue rechazado, <a href=\"https:\/\/www.jebailylaw.com\/es\/personal-injury-lawyer\/\">podemos revisar su caso<\/a> y presentar una apelaci\u00f3n por usted. Hemos estado ayudando a clientes en Florencia con sus reclamos de Incapacidad del Seguro Social durante a\u00f1os y hemos logrado ganar apelaciones en muchos de nuestros casos. Tambi\u00e9n considere usar una calculadora de seguridad social para determinar su monto en d\u00f3lares.<\/p>\n<p>Si le han negado los beneficios por discapacidad del Seguro Social, considere llamarnos y programar una consulta gratuita con nuestro abogado de discapacidad del Seguro Social en Florencia. <a href=\"https:\/\/www.jebailylaw.com\/es\/contacta-con-nosotros\/\">Cont\u00e1ctanos hoy para m\u00e1s informaci\u00f3n.<\/a><\/p>\n<p><strong>Fuente:<\/strong><\/p>\n<ul>\n<li><a href=\"http:\/\/www.ssa.gov\/disability\/\">Administracion de la Seguridad Social<\/a><\/li>\n<\/ul>\n<p>&nbsp;<\/p>\n","protected":false},"excerpt":{"rendered":"<p>Obtenga los beneficios que se merece en Florencia La Incapacidad del Seguro Social, a menudo llamada SSD, es un programa de seguro administrado a nivel federal que proporciona ingresos a personas que no pueden trabajar debido a una discapacidad f\u00edsica o mental. \u00bfQui\u00e9n califica para el seguro de discapacidad en&#8230;<\/p>\n","protected":false},"author":5,"featured_media":774263,"parent":0,"menu_order":69,"comment_status":"closed","ping_status":"closed","template":"practice-area.php","meta":{"_acf_changed":false,"footnotes":""},"class_list":["post-764107","page","type-page","status-publish","has-post-thumbnail","hentry"],"acf":[],"yoast_head":"<!-- This site is optimized with the Yoast SEO plugin v27.3 - https:\/\/yoast.com\/product\/yoast-seo-wordpress\/ -->\n<title>Abogado de Incapacidad del Seguro Social de Florence - Jebaily Law Firm<\/title>\n<meta name=\"description\" content=\"\u00bfNecesita la ayuda de un abogado con experiencia en discapacidad de seguridad social en Florence? Podemos ayudarlo a comenzar hoy con una consulta gratuita.\" \/>\n<meta name=\"robots\" content=\"index, follow, max-snippet:-1, max-image-preview:large, max-video-preview:-1\" \/>\n<link rel=\"canonical\" href=\"https:\/\/www.jebailylaw.com\/es\/incapacidad-del-seguro-social\/\" \/>\n<meta property=\"og:locale\" content=\"es_ES\" \/>\n<meta property=\"og:type\" content=\"article\" \/>\n<meta property=\"og:title\" content=\"Abogado de Incapacidad del Seguro Social de Florence - Jebaily Law Firm\" \/>\n<meta property=\"og:description\" content=\"\u00a1Llame a nuestro abogado de discapacidad de seguridad social en Florence!\" \/>\n<meta property=\"og:url\" content=\"https:\/\/www.jebailylaw.com\/es\/incapacidad-del-seguro-social\/\" \/>\n<meta property=\"og:site_name\" content=\"www.jebailylaw.com\" \/>\n<meta property=\"article:publisher\" content=\"https:\/\/www.facebook.com\/jebailylaw\" \/>\n<meta property=\"article:modified_time\" content=\"2024-05-29T16:51:04+00:00\" \/>\n<meta property=\"og:image\" content=\"https:\/\/www.jebailylaw.com\/wp-content\/uploads\/2021\/06\/social-security-lawyer.jpg\" \/>\n\t<meta property=\"og:image:width\" content=\"330\" \/>\n\t<meta property=\"og:image:height\" content=\"260\" \/>\n\t<meta property=\"og:image:type\" content=\"image\/jpeg\" \/>\n<meta name=\"twitter:card\" content=\"summary_large_image\" \/>\n<meta name=\"twitter:title\" content=\"Abogado de Discapacidad de la Seguridad Social en Florence, Carolina del Sur\" \/>\n<meta name=\"twitter:description\" content=\"\u00bfNecesita la ayuda de un abogado con experiencia en discapacidad de seguridad social en Florencia? Llame para una consulta gratuita.\" \/>\n<meta name=\"twitter:site\" content=\"@JebailyLaw\" \/>\n<meta name=\"twitter:label1\" content=\"Tiempo de lectura\" \/>\n\t<meta name=\"twitter:data1\" content=\"3 minutos\" \/>\n<!-- \/ Yoast SEO plugin. -->","yoast_head_json":{"title":"Abogado de Incapacidad del Seguro Social de Florence - Jebaily Law Firm","description":"\u00bfNecesita la ayuda de un abogado con experiencia en discapacidad de seguridad social en Florence? Podemos ayudarlo a comenzar hoy con una consulta gratuita.","robots":{"index":"index","follow":"follow","max-snippet":"max-snippet:-1","max-image-preview":"max-image-preview:large","max-video-preview":"max-video-preview:-1"},"canonical":"https:\/\/www.jebailylaw.com\/es\/incapacidad-del-seguro-social\/","og_locale":"es_ES","og_type":"article","og_title":"Abogado de Incapacidad del Seguro Social de Florence - Jebaily Law Firm","og_description":"\u00a1Llame a nuestro abogado de discapacidad de seguridad social en Florence!","og_url":"https:\/\/www.jebailylaw.com\/es\/incapacidad-del-seguro-social\/","og_site_name":"www.jebailylaw.com","article_publisher":"https:\/\/www.facebook.com\/jebailylaw","article_modified_time":"2024-05-29T16:51:04+00:00","og_image":[{"width":330,"height":260,"url":"https:\/\/www.jebailylaw.com\/wp-content\/uploads\/2021\/06\/social-security-lawyer.jpg","type":"image\/jpeg"}],"twitter_card":"summary_large_image","twitter_title":"Abogado de Discapacidad de la Seguridad Social en Florence, Carolina del Sur","twitter_description":"\u00bfNecesita la ayuda de un abogado con experiencia en discapacidad de seguridad social en Florencia? Llame para una consulta gratuita.","twitter_site":"@JebailyLaw","twitter_misc":{"Tiempo de lectura":"3 minutos"},"schema":{"@context":"https:\/\/schema.org","@graph":[{"@type":"WebPage","@id":"https:\/\/www.jebailylaw.com\/es\/incapacidad-del-seguro-social\/","url":"https:\/\/www.jebailylaw.com\/es\/incapacidad-del-seguro-social\/","name":"Abogado de Incapacidad del Seguro Social de Florence - Jebaily Law Firm","isPartOf":{"@id":"https:\/\/www.jebailylaw.com\/#website"},"primaryImageOfPage":{"@id":"https:\/\/www.jebailylaw.com\/es\/incapacidad-del-seguro-social\/#primaryimage"},"image":{"@id":"https:\/\/www.jebailylaw.com\/es\/incapacidad-del-seguro-social\/#primaryimage"},"thumbnailUrl":"https:\/\/www.jebailylaw.com\/wp-content\/uploads\/2025\/02\/Florence-Social-Security-Disability-Lawyer.jpg","datePublished":"2020-10-05T14:03:16+00:00","dateModified":"2024-05-29T16:51:04+00:00","description":"\u00bfNecesita la ayuda de un abogado con experiencia en discapacidad de seguridad social en Florence? Podemos ayudarlo a comenzar hoy con una consulta gratuita.","breadcrumb":{"@id":"https:\/\/www.jebailylaw.com\/es\/incapacidad-del-seguro-social\/#breadcrumb"},"inLanguage":"es","potentialAction":[{"@type":"ReadAction","target":["https:\/\/www.jebailylaw.com\/es\/incapacidad-del-seguro-social\/"]}]},{"@type":"ImageObject","inLanguage":"es","@id":"https:\/\/www.jebailylaw.com\/es\/incapacidad-del-seguro-social\/#primaryimage","url":"https:\/\/www.jebailylaw.com\/wp-content\/uploads\/2025\/02\/Florence-Social-Security-Disability-Lawyer.jpg","contentUrl":"https:\/\/www.jebailylaw.com\/wp-content\/uploads\/2025\/02\/Florence-Social-Security-Disability-Lawyer.jpg","width":1280,"height":720,"caption":"The content is a letter from a Social Security Disability Law Firm located in Florence, named Jebaily & Associates. It discusses the certification of information accuracy related to submitting a Social Security Disability Claim, emphasizing the importance of honesty and the potential consequences of misrepresentation."},{"@type":"BreadcrumbList","@id":"https:\/\/www.jebailylaw.com\/es\/incapacidad-del-seguro-social\/#breadcrumb","itemListElement":[{"@type":"ListItem","position":1,"name":"Home","item":"https:\/\/www.jebailylaw.com\/"},{"@type":"ListItem","position":2,"name":"Incapacidad del Seguro Social"}]},{"@type":"WebSite","@id":"https:\/\/www.jebailylaw.com\/#website","url":"https:\/\/www.jebailylaw.com\/","name":"www.jebailylaw.com","description":"","publisher":{"@id":"https:\/\/www.jebailylaw.com\/#organization"},"potentialAction":[{"@type":"SearchAction","target":{"@type":"EntryPoint","urlTemplate":"https:\/\/www.jebailylaw.com\/?s={search_term_string}"},"query-input":{"@type":"PropertyValueSpecification","valueRequired":true,"valueName":"search_term_string"}}],"inLanguage":"es"},{"@type":"Organization","@id":"https:\/\/www.jebailylaw.com\/#organization","name":"Jebaily Law Firm","url":"https:\/\/www.jebailylaw.com\/","logo":{"@type":"ImageObject","inLanguage":"es","@id":"https:\/\/www.jebailylaw.com\/#\/schema\/logo\/image\/","url":"https:\/\/www.jebailylaw.com\/wp-content\/uploads\/2021\/05\/author-jebaily-222x221-1.png","contentUrl":"https:\/\/www.jebailylaw.com\/wp-content\/uploads\/2021\/05\/author-jebaily-222x221-1.png","width":222,"height":221,"caption":"Jebaily Law Firm"},"image":{"@id":"https:\/\/www.jebailylaw.com\/#\/schema\/logo\/image\/"},"sameAs":["https:\/\/www.facebook.com\/jebailylaw","https:\/\/x.com\/JebailyLaw","https:\/\/www.linkedin.com\/company\/3475128?trk=tyah&amp;amp;amp;amp;trkInfo=clickedVertical:company,idx:1-1-1,tarId:1427902834538,tas:jebaily law"]}]}},"_links":{"self":[{"href":"https:\/\/www.jebailylaw.com\/es\/wp-json\/wp\/v2\/pages\/764107","targetHints":{"allow":["GET"]}}],"collection":[{"href":"https:\/\/www.jebailylaw.com\/es\/wp-json\/wp\/v2\/pages"}],"about":[{"href":"https:\/\/www.jebailylaw.com\/es\/wp-json\/wp\/v2\/types\/page"}],"author":[{"embeddable":true,"href":"https:\/\/www.jebailylaw.com\/es\/wp-json\/wp\/v2\/users\/5"}],"replies":[{"embeddable":true,"href":"https:\/\/www.jebailylaw.com\/es\/wp-json\/wp\/v2\/comments?post=764107"}],"version-history":[{"count":0,"href":"https:\/\/www.jebailylaw.com\/es\/wp-json\/wp\/v2\/pages\/764107\/revisions"}],"wp:featuredmedia":[{"embeddable":true,"href":"https:\/\/www.jebailylaw.com\/es\/wp-json\/wp\/v2\/media\/774263"}],"wp:attachment":[{"href":"https:\/\/www.jebailylaw.com\/es\/wp-json\/wp\/v2\/media?parent=764107"}],"curies":[{"name":"wp","href":"https:\/\/api.w.org\/{rel}","templated":true}]}}