{"id":764046,"date":"2020-10-05T14:03:21","date_gmt":"2020-10-05T14:03:21","guid":{"rendered":"https:\/\/www.jebailylaw.com\/compensacion-para-trabajadores\/"},"modified":"2024-06-18T15:32:03","modified_gmt":"2024-06-18T15:32:03","slug":"compensacion-para-trabajadores","status":"publish","type":"page","link":"https:\/\/www.jebailylaw.com\/es\/compensacion-para-trabajadores\/","title":{"rendered":"Compensaci\u00f3n para trabajadores"},"content":{"rendered":"<p>Puede resultar doloroso y confuso sufrir una lesi\u00f3n o enfermedad relacionada con el trabajo. Sin embargo, es posible que haya muchas opciones legales disponibles para ayudarlo a superar este momento dif\u00edcil. Jebaily Law Firm puede explorar esas opciones con usted.<\/p>\n<p>La Ley de Compensaci\u00f3n para Trabajadores de Carolina del Sur, por ejemplo, brinda beneficios a las personas que han resultado lesionadas en el trabajo o que padecen una enfermedad ocupacional. Estos beneficios incluyen a los trabajadores de la construcci\u00f3n, la manufactura, la atenci\u00f3n m\u00e9dica, el paisajismo y todo tipo de trabajos. Estos beneficios pueden cubrir el tratamiento m\u00e9dico y reemplazar una parte de los salarios perdidos de un trabajador.<\/p>\n<p>En <a href=\"https:\/\/www.jebailylaw.com\/es\/personal-injury-lawyer\/\">Jebaily Law Firm,<\/a> el abogado de compensaci\u00f3n laboral, Brian S. Yost, ha ayudado a trabajadores discapacitados a obtener los beneficios que merecen por sus lesiones despu\u00e9s de accidentes laborales en Florence.<\/p>\n<p>Si usted o un ser querido necesita la ayuda de un abogado, no busque m\u00e1s.<\/p>\n<p><a href=\"https:\/\/www.jebailylaw.com\/es\/contacta-con-nosotros\/\">Con\u00e9ctese con nosotros hoy para comenzar con una revisi\u00f3n gratuita de su caso.<\/a><\/p>\n\n\t\t\t\t\n\t\t\t\t\t<div id=\"video_play-759975\" class=\" vid-aligncenter\" style=\"display:block\">\n\t\t\t\t\t\t\n\t\t\t\t\t\t\t<iframe loading=\"lazy\" class=\"cw_video_single\" src=\"https:\/\/www.youtube.com\/embed\/aOLvcdxa7io?rel=0&amp;showinfo=1&amp;autoplay=0\" allowfullscreen=\"allowfullscreen\" width=\"640px\" height=\"480px\" ><\/iframe>\n\n\t\t\t\t\t\t\n\t\t\t\t\t<\/div>\n\n\t\t\t\t\n\n\n\n\t\t\t\n\t\t\t\t\n<h2>\u00bfC\u00f3mo puede ayudarle un abogado de compensaci\u00f3n laboral de Florence?<\/h2>\n<p>En Jebaily Law Firm, creemos que es crucial que los trabajadores lesionados y enfermos en Florence y en toda Carolina del Sur busquen asistencia legal.<\/p>\n<p><strong>La orientaci\u00f3n y representaci\u00f3n de un abogado es especialmente importante si:<\/strong><\/p>\n<ul>\n<li>Su m\u00e9dico tratante determina que no es probable que usted recupere la salud que disfrutaba antes de que surgiera su lesi\u00f3n o enfermedad.<\/li>\n<li>Cree que ya no puede realizar ning\u00fan trabajo a diario.<\/li>\n<li>Cree que eventualmente podr\u00e1 regresar a su trabajo, pero en una capacidad diferente y restringida.<\/li>\n<li>Ten\u00eda una condici\u00f3n preexistente cuando ocurri\u00f3 su lesi\u00f3n laboral.<\/li>\n<li>Su empleador neg\u00f3 su reclamo de beneficios o existe alguna disputa sobre si usted califica para recibir beneficios.<\/li>\n<li>No cree que los beneficios que recibe actualmente sean suficientes.<\/li>\n<li>Su empleador toma represalias despu\u00e9s de que usted presenta un reclamo de compensaci\u00f3n laboral.<\/li>\n<\/ul>\n<p>Jebaily Law Firm conoce las leyes de compensaci\u00f3n laboral en Carolina del Sur por dentro y por fuera. Tambi\u00e9n nos mantenemos al tanto de los nuevos desarrollos y tendencias en esta compleja \u00e1rea del derecho en constante evoluci\u00f3n. Podemos poner nuestra habilidad y experiencia a trabajar para usted hoy.<\/p>\n<p><strong>Podemos ayudarle mediante:<\/strong><\/p>\n<ul>\n<li>Asegurarnos de continuar recibiendo atenci\u00f3n m\u00e9dica adecuada a medida que avanza su caso.<\/li>\n<li>Presentar todos los formularios y otros tr\u00e1mites necesarios de manera oportuna y precisa.<\/li>\n<li>Recopilar y analizar todos sus registros m\u00e9dicos y laborales.<\/li>\n<li>Consulta con expertos m\u00e9dicos y vocacionales.<\/li>\n<li>Buscando un acuerdo completo y justo para su reclamo de compensaci\u00f3n laboral<\/li>\n<li>Presentar el caso m\u00e1s s\u00f3lido posible en su nombre en audiencias o apelaciones.<\/li>\n<li>Buscar todas las dem\u00e1s opciones disponibles para usted, incluido un reclamo de terceros o beneficios de SSD<\/li>\n<li>Gestionar cuidadosamente todos los beneficios y compensaciones por da\u00f1os para maximizar la cantidad que recibe.<\/li>\n<\/ul>\n<h2>\u00bfEst\u00e1 usted cubierto por la Compensaci\u00f3n Laboral en Florence, Carolina del Sur?<\/h2>\n<p>Cuando se comunica con Jebaily Law Firm, podemos ayudarlo a determinar si es elegible para recibir beneficios de compensaci\u00f3n para trabajadores en Carolina del Sur. La respuesta depender\u00e1 de su situaci\u00f3n laboral y de c\u00f3mo surgi\u00f3 su lesi\u00f3n o enfermedad.<\/p>\n<p>Carolina del Sur exige que cualquier empresa que emplee a cuatro o m\u00e1s trabajadores a tiempo completo o parcial tenga un seguro de compensaci\u00f3n para trabajadores (o est\u00e9 autoasegurada). Como resultado, la mayor\u00eda de los empleados en nuestro estado son elegibles para recibir beneficios de compensaci\u00f3n laboral. No importa si eres menor o adulto. Sin embargo, si es un voluntario no remunerado, no estar\u00e1 cubierto.<\/p>\n<p>Para evitar pagar beneficios de compensaci\u00f3n para trabajadores, un empleador puede argumentar que usted es un \u00abcontratista independiente\u00bb y no un \u00abempleado\u00bb. Sin embargo, no importa c\u00f3mo lo llame un empleador. M\u00e1s bien, lo que importa es el grado de control que un empleador ejerce sobre usted.<\/p>\n<p>Por ejemplo, el empleador hace alguno de lo siguiente:<\/p>\n<ul>\n<li>\u00bfPagarle directamente (efectivo o cheque)?<\/li>\n<li>\u00bfLe indica que haga el trabajo en un per\u00edodo de tiempo particular o de una manera particular?<\/li>\n<li>\u00bfProporcionar el equipo necesario para realizar el trabajo?<\/li>\n<li>\u00bfTienes derecho a despedirte?<\/li>\n<\/ul>\n<p>Si es as\u00ed, es probable que sea un empleado y tenga derecho a recibir beneficios de compensaci\u00f3n laboral.<br \/>\nAdem\u00e1s, si trabaja para un subcontratista que no tiene seguro de compensaci\u00f3n para trabajadores, deber\u00eda estar cubierto por la p\u00f3liza del contratista principal.<\/p>\n<p>Por supuesto, para ser elegible para los beneficios de compensaci\u00f3n laboral, debe haber sufrido una lesi\u00f3n o enfermedad que surgi\u00f3 dentro del alcance y curso de su empleo. En otras palabras, debe haber estado desempe\u00f1ando funciones para su empleador. Ejemplos incluyen:<\/p>\n<ul>\n<li>Herirse en un accidente de trabajo<\/li>\n<li>Estar involucrado en un accidente automovil\u00edstico mientras realizaba tareas laborales<\/li>\n<li>Sufrir una lesi\u00f3n por traumatismo repetitivo al operar el equipo.<\/li>\n<li>Estar expuesto a productos qu\u00edmicos t\u00f3xicos u otras sustancias nocivas en el lugar de trabajo.<\/li>\n<\/ul>\n<p>Jebaily Law Firm puede realizar una revisi\u00f3n cuidadosa de su caso y ayudarlo a tomar los siguientes pasos si es un empleado que ha sufrido una lesi\u00f3n o enfermedad que califica. En Jebaily Law Firm, el abogado de compensaci\u00f3n laboral, Ronald J. Jebaily, ha ayudado a trabajadores discapacitados a obtener los beneficios que merecen durante m\u00e1s de cuatro d\u00e9cadas. Recibi\u00f3 el \u201cPremio al Servicio de por Vida\u201d de la Asociaci\u00f3n Educativa de Compensaci\u00f3n para Trabajadores de Carolina del Sur.<\/p>\n","protected":false},"excerpt":{"rendered":"<p>Puede resultar doloroso y confuso sufrir una lesi\u00f3n o enfermedad relacionada con el trabajo. Sin embargo, es posible que haya muchas opciones legales disponibles para ayudarlo a superar este momento dif\u00edcil. Jebaily Law Firm puede explorar esas opciones con usted. La Ley de Compensaci\u00f3n para Trabajadores de Carolina del Sur,&#8230;<\/p>\n","protected":false},"author":5,"featured_media":784129,"parent":0,"menu_order":68,"comment_status":"closed","ping_status":"closed","template":"practice-area.php","meta":{"_acf_changed":false,"footnotes":""},"class_list":["post-764046","page","type-page","status-publish","has-post-thumbnail","hentry"],"acf":[],"yoast_head":"<!-- This site is optimized with the Yoast SEO plugin v27.3 - https:\/\/yoast.com\/product\/yoast-seo-wordpress\/ -->\n<title>Abogados de Compensaci\u00f3n Laboral Florence - Jebaily Law Firm<\/title>\n<meta name=\"description\" content=\"Si result\u00f3 lesionado en un accidente laboral en Florence, \u00a1llame a los abogados de compensaci\u00f3n laboral de Jebaily Law Firm para obtener ayuda!\" \/>\n<meta name=\"robots\" content=\"index, follow, max-snippet:-1, max-image-preview:large, max-video-preview:-1\" \/>\n<link rel=\"canonical\" href=\"https:\/\/www.jebailylaw.com\/es\/compensacion-para-trabajadores\/\" \/>\n<meta property=\"og:locale\" content=\"es_ES\" \/>\n<meta property=\"og:type\" content=\"article\" \/>\n<meta property=\"og:title\" content=\"Abogados de Compensaci\u00f3n Laboral Florence - Jebaily Law Firm\" \/>\n<meta property=\"og:description\" content=\"Llame a un abogado de compensaci\u00f3n laboral en Florence para obtener ayuda.\" \/>\n<meta property=\"og:url\" content=\"https:\/\/www.jebailylaw.com\/es\/compensacion-para-trabajadores\/\" \/>\n<meta property=\"og:site_name\" content=\"www.jebailylaw.com\" \/>\n<meta property=\"article:publisher\" content=\"https:\/\/www.facebook.com\/jebailylaw\" \/>\n<meta property=\"article:modified_time\" content=\"2024-06-18T15:32:03+00:00\" \/>\n<meta property=\"og:image\" content=\"https:\/\/www.jebailylaw.com\/wp-content\/uploads\/2021\/05\/featured-workers-comp.jpg\" \/>\n\t<meta property=\"og:image:width\" content=\"330\" \/>\n\t<meta property=\"og:image:height\" content=\"260\" \/>\n\t<meta property=\"og:image:type\" content=\"image\/jpeg\" \/>\n<meta name=\"twitter:card\" content=\"summary_large_image\" \/>\n<meta name=\"twitter:title\" content=\"Abogados de Compensaci\u00f3n Laboral de Florence, Carolina del Sur\" \/>\n<meta name=\"twitter:description\" content=\"Si resulta lesionado en un accidente laboral en Florence, llame a un abogado de compensaci\u00f3n laboral de Jebaily Law Firm para obtener ayuda.\" \/>\n<meta name=\"twitter:site\" content=\"@JebailyLaw\" \/>\n<meta name=\"twitter:label1\" content=\"Tiempo de lectura\" \/>\n\t<meta name=\"twitter:data1\" content=\"5 minutos\" \/>\n<!-- \/ Yoast SEO plugin. -->","yoast_head_json":{"title":"Abogados de Compensaci\u00f3n Laboral Florence - Jebaily Law Firm","description":"Si result\u00f3 lesionado en un accidente laboral en Florence, \u00a1llame a los abogados de compensaci\u00f3n laboral de Jebaily Law Firm para obtener ayuda!","robots":{"index":"index","follow":"follow","max-snippet":"max-snippet:-1","max-image-preview":"max-image-preview:large","max-video-preview":"max-video-preview:-1"},"canonical":"https:\/\/www.jebailylaw.com\/es\/compensacion-para-trabajadores\/","og_locale":"es_ES","og_type":"article","og_title":"Abogados de Compensaci\u00f3n Laboral Florence - Jebaily Law Firm","og_description":"Llame a un abogado de compensaci\u00f3n laboral en Florence para obtener ayuda.","og_url":"https:\/\/www.jebailylaw.com\/es\/compensacion-para-trabajadores\/","og_site_name":"www.jebailylaw.com","article_publisher":"https:\/\/www.facebook.com\/jebailylaw","article_modified_time":"2024-06-18T15:32:03+00:00","og_image":[{"width":330,"height":260,"url":"https:\/\/www.jebailylaw.com\/wp-content\/uploads\/2021\/05\/featured-workers-comp.jpg","type":"image\/jpeg"}],"twitter_card":"summary_large_image","twitter_title":"Abogados de Compensaci\u00f3n Laboral de Florence, Carolina del Sur","twitter_description":"Si resulta lesionado en un accidente laboral en Florence, llame a un abogado de compensaci\u00f3n laboral de Jebaily Law Firm para obtener ayuda.","twitter_site":"@JebailyLaw","twitter_misc":{"Tiempo de lectura":"5 minutos"},"schema":{"@context":"https:\/\/schema.org","@graph":[{"@type":"WebPage","@id":"https:\/\/www.jebailylaw.com\/es\/compensacion-para-trabajadores\/","url":"https:\/\/www.jebailylaw.com\/es\/compensacion-para-trabajadores\/","name":"Abogados de Compensaci\u00f3n Laboral Florence - Jebaily Law Firm","isPartOf":{"@id":"https:\/\/www.jebailylaw.com\/#website"},"primaryImageOfPage":{"@id":"https:\/\/www.jebailylaw.com\/es\/compensacion-para-trabajadores\/#primaryimage"},"image":{"@id":"https:\/\/www.jebailylaw.com\/es\/compensacion-para-trabajadores\/#primaryimage"},"thumbnailUrl":"https:\/\/www.jebailylaw.com\/wp-content\/uploads\/2025\/11\/Workers-Compensation-Attorney-Florence-SC-.jpg","datePublished":"2020-10-05T14:03:21+00:00","dateModified":"2024-06-18T15:32:03+00:00","description":"Si result\u00f3 lesionado en un accidente laboral en Florence, \u00a1llame a los abogados de compensaci\u00f3n laboral de Jebaily Law Firm para obtener ayuda!","breadcrumb":{"@id":"https:\/\/www.jebailylaw.com\/es\/compensacion-para-trabajadores\/#breadcrumb"},"inLanguage":"es","potentialAction":[{"@type":"ReadAction","target":["https:\/\/www.jebailylaw.com\/es\/compensacion-para-trabajadores\/"]}]},{"@type":"ImageObject","inLanguage":"es","@id":"https:\/\/www.jebailylaw.com\/es\/compensacion-para-trabajadores\/#primaryimage","url":"https:\/\/www.jebailylaw.com\/wp-content\/uploads\/2025\/11\/Workers-Compensation-Attorney-Florence-SC-.jpg","contentUrl":"https:\/\/www.jebailylaw.com\/wp-content\/uploads\/2025\/11\/Workers-Compensation-Attorney-Florence-SC-.jpg","width":1280,"height":720},{"@type":"BreadcrumbList","@id":"https:\/\/www.jebailylaw.com\/es\/compensacion-para-trabajadores\/#breadcrumb","itemListElement":[{"@type":"ListItem","position":1,"name":"Home","item":"https:\/\/www.jebailylaw.com\/"},{"@type":"ListItem","position":2,"name":"Compensaci\u00f3n para trabajadores"}]},{"@type":"WebSite","@id":"https:\/\/www.jebailylaw.com\/#website","url":"https:\/\/www.jebailylaw.com\/","name":"www.jebailylaw.com","description":"","publisher":{"@id":"https:\/\/www.jebailylaw.com\/#organization"},"potentialAction":[{"@type":"SearchAction","target":{"@type":"EntryPoint","urlTemplate":"https:\/\/www.jebailylaw.com\/?s={search_term_string}"},"query-input":{"@type":"PropertyValueSpecification","valueRequired":true,"valueName":"search_term_string"}}],"inLanguage":"es"},{"@type":"Organization","@id":"https:\/\/www.jebailylaw.com\/#organization","name":"Jebaily Law Firm","url":"https:\/\/www.jebailylaw.com\/","logo":{"@type":"ImageObject","inLanguage":"es","@id":"https:\/\/www.jebailylaw.com\/#\/schema\/logo\/image\/","url":"https:\/\/www.jebailylaw.com\/wp-content\/uploads\/2021\/05\/author-jebaily-222x221-1.png","contentUrl":"https:\/\/www.jebailylaw.com\/wp-content\/uploads\/2021\/05\/author-jebaily-222x221-1.png","width":222,"height":221,"caption":"Jebaily Law Firm"},"image":{"@id":"https:\/\/www.jebailylaw.com\/#\/schema\/logo\/image\/"},"sameAs":["https:\/\/www.facebook.com\/jebailylaw","https:\/\/x.com\/JebailyLaw","https:\/\/www.linkedin.com\/company\/3475128?trk=tyah&amp;amp;amp;amp;trkInfo=clickedVertical:company,idx:1-1-1,tarId:1427902834538,tas:jebaily law"]}]}},"_links":{"self":[{"href":"https:\/\/www.jebailylaw.com\/es\/wp-json\/wp\/v2\/pages\/764046","targetHints":{"allow":["GET"]}}],"collection":[{"href":"https:\/\/www.jebailylaw.com\/es\/wp-json\/wp\/v2\/pages"}],"about":[{"href":"https:\/\/www.jebailylaw.com\/es\/wp-json\/wp\/v2\/types\/page"}],"author":[{"embeddable":true,"href":"https:\/\/www.jebailylaw.com\/es\/wp-json\/wp\/v2\/users\/5"}],"replies":[{"embeddable":true,"href":"https:\/\/www.jebailylaw.com\/es\/wp-json\/wp\/v2\/comments?post=764046"}],"version-history":[{"count":0,"href":"https:\/\/www.jebailylaw.com\/es\/wp-json\/wp\/v2\/pages\/764046\/revisions"}],"wp:featuredmedia":[{"embeddable":true,"href":"https:\/\/www.jebailylaw.com\/es\/wp-json\/wp\/v2\/media\/784129"}],"wp:attachment":[{"href":"https:\/\/www.jebailylaw.com\/es\/wp-json\/wp\/v2\/media?parent=764046"}],"curies":[{"name":"wp","href":"https:\/\/api.w.org\/{rel}","templated":true}]}}