{"id":762460,"date":"2020-09-30T01:12:36","date_gmt":"2020-09-30T01:12:36","guid":{"rendered":"https:\/\/www.jebailylaw.com\/myrtle-beach-personal-injury-lawyer\/"},"modified":"2024-05-08T17:53:53","modified_gmt":"2024-05-08T17:53:53","slug":"myrtle-beach-personal-injury-lawyer","status":"publish","type":"page","link":"https:\/\/www.jebailylaw.com\/es\/myrtle-beach-personal-injury-lawyer\/","title":{"rendered":"Myrtle Beach"},"content":{"rendered":"<p>Jebaily Law Firm se enorgullece de servir a la comunidad de Myrtle Beach.<\/p>\n<p>El equipo de Jebaily Law Firm brinda servicios legales capacitados y de apoyo a clientes que viven con lesiones dolorosas causadas por el descuido de otra persona. Con m\u00e1s de 100 a\u00f1os de experiencia legal combinada, nuestros abogados han ganado millones de d\u00f3lares en compensaci\u00f3n para v\u00edctimas en Myrtle Beach y Carolina del Sur.<\/p>\n<p>Nuestros comprensivos abogados de lesiones personales han visto c\u00f3mo una lesi\u00f3n puede da\u00f1ar el cuerpo, la mente y el esp\u00edritu. Nos damos cuenta de que es imposible que el dinero pueda compensar todas las p\u00e9rdidas. Pero nuestros a\u00f1os de pr\u00e1ctica han demostrado que la compensaci\u00f3n puede ayudar a las personas lesionadas a recuperar la estabilidad financiera y planificar el futuro. D\u00e9janos mostr\u00e1rtelo tambi\u00e9n.<\/p>\n<p>Si result\u00f3 lesionado en un accidente automovil\u00edstico, laboral o sufri\u00f3 alg\u00fan tipo de lesi\u00f3n debido a la negligencia de otra persona en Myrtle Beach, merece buscar justicia de los responsables del da\u00f1o que ha sufrido. No es necesario que pase solo por el complejo proceso de reclamos por lesiones personales. Nuestros abogados expertos en lesiones personales de Myrtle Beach pueden ayudarlo a buscar los recursos financieros que necesita para cubrir sus p\u00e9rdidas y ayudarlo a seguir adelante despu\u00e9s de un accidente.<\/p>\n<p>Todas las\u00a0<b>consultas iniciales en Jebaily Law Firm son gratuitas y confidenciales<\/b>. Durante nuestro tiempo juntos, proporcionaremos una\u00a0<b>revisi\u00f3n exhaustiva de la reclamaci\u00f3n<\/b>\u00a0y daremos una\u00a0<b>opini\u00f3n honesta sobre sus opciones legales<\/b>. No tienes nada que perder. <a href=\"https:\/\/www.jebailylaw.com\/es\/contacta-con-nosotros\/\">Cont\u00e1ctenos hoy<\/a> si ha resultado lesionado y enfrenta una monta\u00f1a de facturas m\u00e9dicas y otros gastos.<\/p>\n<p>&nbsp;<\/p>\n","protected":false},"excerpt":{"rendered":"<p>Jebaily Law Firm se enorgullece de servir a la comunidad de Myrtle Beach. El equipo de Jebaily Law Firm brinda servicios legales capacitados y de apoyo a clientes que viven con lesiones dolorosas causadas por el descuido de otra persona. Con m\u00e1s de 100 a\u00f1os de experiencia legal combinada, nuestros&#8230;<\/p>\n","protected":false},"author":5,"featured_media":762032,"parent":0,"menu_order":100,"comment_status":"closed","ping_status":"closed","template":"location.php","meta":{"_acf_changed":false,"footnotes":""},"class_list":["post-762460","page","type-page","status-publish","has-post-thumbnail","hentry"],"acf":[],"yoast_head":"<!-- This site is optimized with the Yoast SEO plugin v27.3 - https:\/\/yoast.com\/product\/yoast-seo-wordpress\/ -->\n<title>Myrtle Beach Personal Injury Lawyer | Jebaily Law Firm<\/title>\n<meta name=\"description\" content=\"The personal injury lawyers at Jebaily Law Firm in Myrtle Beach can get you the compensation you deserve! Call for a free consultation!\" \/>\n<meta name=\"robots\" content=\"index, follow, max-snippet:-1, max-image-preview:large, max-video-preview:-1\" \/>\n<link rel=\"canonical\" href=\"https:\/\/www.jebailylaw.com\/es\/myrtle-beach-personal-injury-lawyer\/\" \/>\n<meta property=\"og:locale\" content=\"es_ES\" \/>\n<meta property=\"og:type\" content=\"article\" \/>\n<meta property=\"og:title\" content=\"Myrtle Beach Personal Injury Lawyer | Jebaily Law Firm\" \/>\n<meta property=\"og:description\" content=\"The personal injury lawyers at Jebaily Law Firm in Myrtle Beach can get you the compensation you deserve! Call for a free consultation!\" \/>\n<meta property=\"og:url\" content=\"https:\/\/www.jebailylaw.com\/es\/myrtle-beach-personal-injury-lawyer\/\" \/>\n<meta property=\"og:site_name\" content=\"www.jebailylaw.com\" \/>\n<meta property=\"article:publisher\" content=\"https:\/\/www.facebook.com\/jebailylaw\" \/>\n<meta property=\"article:modified_time\" content=\"2024-05-08T17:53:53+00:00\" \/>\n<meta property=\"og:image\" content=\"https:\/\/www.jebailylaw.com\/wp-content\/uploads\/2023\/12\/120922_JEBAILYMYRTLEBEACHOFFICES2of72-1.jpg\" \/>\n\t<meta property=\"og:image:width\" content=\"1024\" \/>\n\t<meta property=\"og:image:height\" content=\"683\" \/>\n\t<meta property=\"og:image:type\" content=\"image\/jpeg\" \/>\n<meta name=\"twitter:card\" content=\"summary_large_image\" \/>\n<meta name=\"twitter:site\" content=\"@JebailyLaw\" \/>\n<meta name=\"twitter:label1\" content=\"Tiempo de lectura\" \/>\n\t<meta name=\"twitter:data1\" content=\"2 minutos\" \/>\n<!-- \/ Yoast SEO plugin. -->","yoast_head_json":{"title":"Myrtle Beach Personal Injury Lawyer | Jebaily Law Firm","description":"The personal injury lawyers at Jebaily Law Firm in Myrtle Beach can get you the compensation you deserve! Call for a free consultation!","robots":{"index":"index","follow":"follow","max-snippet":"max-snippet:-1","max-image-preview":"max-image-preview:large","max-video-preview":"max-video-preview:-1"},"canonical":"https:\/\/www.jebailylaw.com\/es\/myrtle-beach-personal-injury-lawyer\/","og_locale":"es_ES","og_type":"article","og_title":"Myrtle Beach Personal Injury Lawyer | Jebaily Law Firm","og_description":"The personal injury lawyers at Jebaily Law Firm in Myrtle Beach can get you the compensation you deserve! Call for a free consultation!","og_url":"https:\/\/www.jebailylaw.com\/es\/myrtle-beach-personal-injury-lawyer\/","og_site_name":"www.jebailylaw.com","article_publisher":"https:\/\/www.facebook.com\/jebailylaw","article_modified_time":"2024-05-08T17:53:53+00:00","og_image":[{"width":1024,"height":683,"url":"https:\/\/www.jebailylaw.com\/wp-content\/uploads\/2023\/12\/120922_JEBAILYMYRTLEBEACHOFFICES2of72-1.jpg","type":"image\/jpeg"}],"twitter_card":"summary_large_image","twitter_site":"@JebailyLaw","twitter_misc":{"Tiempo de lectura":"2 minutos"},"schema":{"@context":"https:\/\/schema.org","@graph":[{"@type":"WebPage","@id":"https:\/\/www.jebailylaw.com\/es\/myrtle-beach-personal-injury-lawyer\/","url":"https:\/\/www.jebailylaw.com\/es\/myrtle-beach-personal-injury-lawyer\/","name":"Myrtle Beach Personal Injury Lawyer | Jebaily Law Firm","isPartOf":{"@id":"https:\/\/www.jebailylaw.com\/#website"},"primaryImageOfPage":{"@id":"https:\/\/www.jebailylaw.com\/es\/myrtle-beach-personal-injury-lawyer\/#primaryimage"},"image":{"@id":"https:\/\/www.jebailylaw.com\/es\/myrtle-beach-personal-injury-lawyer\/#primaryimage"},"thumbnailUrl":"https:\/\/www.jebailylaw.com\/wp-content\/uploads\/2023\/12\/120922_JEBAILYMYRTLEBEACHOFFICES2of72-1.jpg","datePublished":"2020-09-30T01:12:36+00:00","dateModified":"2024-05-08T17:53:53+00:00","description":"The personal injury lawyers at Jebaily Law Firm in Myrtle Beach can get you the compensation you deserve! Call for a free consultation!","breadcrumb":{"@id":"https:\/\/www.jebailylaw.com\/es\/myrtle-beach-personal-injury-lawyer\/#breadcrumb"},"inLanguage":"es","potentialAction":[{"@type":"ReadAction","target":["https:\/\/www.jebailylaw.com\/es\/myrtle-beach-personal-injury-lawyer\/"]}]},{"@type":"ImageObject","inLanguage":"es","@id":"https:\/\/www.jebailylaw.com\/es\/myrtle-beach-personal-injury-lawyer\/#primaryimage","url":"https:\/\/www.jebailylaw.com\/wp-content\/uploads\/2023\/12\/120922_JEBAILYMYRTLEBEACHOFFICES2of72-1.jpg","contentUrl":"https:\/\/www.jebailylaw.com\/wp-content\/uploads\/2023\/12\/120922_JEBAILYMYRTLEBEACHOFFICES2of72-1.jpg","width":1024,"height":683},{"@type":"BreadcrumbList","@id":"https:\/\/www.jebailylaw.com\/es\/myrtle-beach-personal-injury-lawyer\/#breadcrumb","itemListElement":[{"@type":"ListItem","position":1,"name":"Home","item":"https:\/\/www.jebailylaw.com\/"},{"@type":"ListItem","position":2,"name":"Myrtle Beach"}]},{"@type":"WebSite","@id":"https:\/\/www.jebailylaw.com\/#website","url":"https:\/\/www.jebailylaw.com\/","name":"www.jebailylaw.com","description":"","publisher":{"@id":"https:\/\/www.jebailylaw.com\/#organization"},"potentialAction":[{"@type":"SearchAction","target":{"@type":"EntryPoint","urlTemplate":"https:\/\/www.jebailylaw.com\/?s={search_term_string}"},"query-input":{"@type":"PropertyValueSpecification","valueRequired":true,"valueName":"search_term_string"}}],"inLanguage":"es"},{"@type":"Organization","@id":"https:\/\/www.jebailylaw.com\/#organization","name":"Jebaily Law Firm","url":"https:\/\/www.jebailylaw.com\/","logo":{"@type":"ImageObject","inLanguage":"es","@id":"https:\/\/www.jebailylaw.com\/#\/schema\/logo\/image\/","url":"https:\/\/www.jebailylaw.com\/wp-content\/uploads\/2021\/05\/author-jebaily-222x221-1.png","contentUrl":"https:\/\/www.jebailylaw.com\/wp-content\/uploads\/2021\/05\/author-jebaily-222x221-1.png","width":222,"height":221,"caption":"Jebaily Law Firm"},"image":{"@id":"https:\/\/www.jebailylaw.com\/#\/schema\/logo\/image\/"},"sameAs":["https:\/\/www.facebook.com\/jebailylaw","https:\/\/x.com\/JebailyLaw","https:\/\/www.linkedin.com\/company\/3475128?trk=tyah&amp;amp;amp;amp;trkInfo=clickedVertical:company,idx:1-1-1,tarId:1427902834538,tas:jebaily law"]}]}},"_links":{"self":[{"href":"https:\/\/www.jebailylaw.com\/es\/wp-json\/wp\/v2\/pages\/762460","targetHints":{"allow":["GET"]}}],"collection":[{"href":"https:\/\/www.jebailylaw.com\/es\/wp-json\/wp\/v2\/pages"}],"about":[{"href":"https:\/\/www.jebailylaw.com\/es\/wp-json\/wp\/v2\/types\/page"}],"author":[{"embeddable":true,"href":"https:\/\/www.jebailylaw.com\/es\/wp-json\/wp\/v2\/users\/5"}],"replies":[{"embeddable":true,"href":"https:\/\/www.jebailylaw.com\/es\/wp-json\/wp\/v2\/comments?post=762460"}],"version-history":[{"count":0,"href":"https:\/\/www.jebailylaw.com\/es\/wp-json\/wp\/v2\/pages\/762460\/revisions"}],"wp:featuredmedia":[{"embeddable":true,"href":"https:\/\/www.jebailylaw.com\/es\/wp-json\/wp\/v2\/media\/762032"}],"wp:attachment":[{"href":"https:\/\/www.jebailylaw.com\/es\/wp-json\/wp\/v2\/media?parent=762460"}],"curies":[{"name":"wp","href":"https:\/\/api.w.org\/{rel}","templated":true}]}}