{"id":762444,"date":"2020-10-05T14:14:07","date_gmt":"2020-10-05T14:14:07","guid":{"rendered":"https:\/\/www.jebailylaw.com\/george-d-jebaily\/"},"modified":"2024-11-09T07:07:36","modified_gmt":"2024-11-09T07:07:36","slug":"george-d-jebaily","status":"publish","type":"page","link":"https:\/\/www.jebailylaw.com\/es\/george-d-jebaily\/","title":{"rendered":"George D. Jebaily"},"content":{"rendered":"<h2>Abogado de lesiones personales<\/h2>\n<p><strong>George D. Jebaily, socio director<\/strong>, es el abogado principal del\u00a0<a href=\"https:\/\/www.jebailylaw.com\/es\/personal-injury-lawyer\/\">Equipo de lesiones personales de Jebaily Law Firm<\/a>, y en 2014 fue elegido miembro general del\u00a0<a href=\"https:\/\/www.jebailylaw.com\/our-locations\/florence\/\">Florencia<\/a>\u00a0Ayuntamiento.<\/p>\n<p>Nacido en Brooklyn, Nueva York, George se mud\u00f3 a Florencia cuando ten\u00eda 7 a\u00f1os. Despu\u00e9s de asistir a Southside Jr. High School y graduarse de West Florence High School en 1974, donde se desempe\u00f1\u00f3 como presidente del cuerpo estudiantil, George realiz\u00f3 estudios superiores en la Universidad de Carolina del Sur, obteniendo su licenciatura en artes en 1978 y su t\u00edtulo de abogado en 1982. Luego ejerci\u00f3 la abogac\u00eda en Columbia durante dos a\u00f1os antes de regresar a Florencia en 1984, donde se uni\u00f3 a su hermano mayor,\u00a0<a href=\"https:\/\/www.jebailylaw.com\/our-firm\/ronald-jebaily\/\">Ronald<. \/a>, socio fundador de\u00a0<a href=\"https:\/\/www.jebailylaw.com\/es\/\">Jebaily Law Firm<\/a>.<\/p>\n<p>George tiene licencia en los tribunales estatales y federales de Carolina del Sur, as\u00ed como en la Corte de Apelaciones del Cuarto Circuito de los Estados Unidos. Es miembro de la Asociaci\u00f3n de Abogados de Estados Unidos, la Asociaci\u00f3n de Abogados de Carolina del Sur, la Asociaci\u00f3n de Abogados del Condado de Florence, la Asociaci\u00f3n Estadounidense para la Justicia y la Asociaci\u00f3n para la Justicia de Carolina del Sur (SCAJ), donde actualmente forma parte de la Junta de Gobernadores y es Fideicomisario de SCAJ PAC. Fue miembro de la junta directiva de Carolina Regional Legal Services Corp, una entidad local que ayuda a los indigentes a obtener acceso a servicios legales. Actualmente, George tambi\u00e9n se desempe\u00f1a como miembro de la junta en nombre de la Autoridad de Transporte Regional de Pee Dee (PDRTA).<\/p>\n","protected":false},"excerpt":{"rendered":"<p>Abogado de lesiones personales George D. Jebaily, socio director, es el abogado principal del\u00a0Equipo de lesiones personales de Jebaily Law Firm, y en 2014 fue elegido miembro general del\u00a0Florencia\u00a0Ayuntamiento. Nacido en Brooklyn, Nueva York, George se mud\u00f3 a Florencia cuando ten\u00eda 7 a\u00f1os. Despu\u00e9s de asistir a Southside Jr. High&#8230;<\/p>\n","protected":false},"author":9,"featured_media":761948,"parent":0,"menu_order":2,"comment_status":"closed","ping_status":"closed","template":"attorney.php","meta":{"_acf_changed":false,"footnotes":""},"class_list":["post-762444","page","type-page","status-publish","has-post-thumbnail","hentry"],"acf":[],"yoast_head":"<!-- This site is optimized with the Yoast SEO plugin v27.3 - https:\/\/yoast.com\/product\/yoast-seo-wordpress\/ -->\n<title>Personal Injury Attorney George D. Jebaily<\/title>\n<meta name=\"description\" content=\"Do you need an Injury Lawyer? Personal Injury Attorney George D. Jebaily at The Jebaily Law Firm can help. Call today to consult for free!\" \/>\n<meta name=\"robots\" content=\"index, follow, max-snippet:-1, max-image-preview:large, max-video-preview:-1\" \/>\n<link rel=\"canonical\" href=\"https:\/\/www.jebailylaw.com\/es\/\" \/>\n<meta property=\"og:locale\" content=\"es_ES\" \/>\n<meta property=\"og:type\" content=\"article\" \/>\n<meta property=\"og:title\" content=\"Personal Injury Attorney George D. Jebaily\" \/>\n<meta property=\"og:description\" content=\"Do you need an Injury Lawyer? Personal Injury Attorney George D. Jebaily at The Jebaily Law Firm can help. Call today to consult for free!\" \/>\n<meta property=\"og:url\" content=\"https:\/\/www.jebailylaw.com\/es\/\" \/>\n<meta property=\"og:site_name\" content=\"www.jebailylaw.com\" \/>\n<meta property=\"article:publisher\" content=\"https:\/\/www.facebook.com\/jebailylaw\" \/>\n<meta property=\"article:modified_time\" content=\"2024-11-09T07:07:36+00:00\" \/>\n<meta property=\"og:image\" content=\"https:\/\/www.jebailylaw.com\/wp-content\/uploads\/2023\/03\/image001.jpg\" \/>\n\t<meta property=\"og:image:width\" content=\"1024\" \/>\n\t<meta property=\"og:image:height\" content=\"1536\" \/>\n\t<meta property=\"og:image:type\" content=\"image\/jpeg\" \/>\n<meta name=\"twitter:card\" content=\"summary_large_image\" \/>\n<meta name=\"twitter:site\" content=\"@JebailyLaw\" \/>\n<meta name=\"twitter:label1\" content=\"Tiempo de lectura\" \/>\n\t<meta name=\"twitter:data1\" content=\"2 minutos\" \/>\n<!-- \/ Yoast SEO plugin. -->","yoast_head_json":{"title":"Personal Injury Attorney George D. Jebaily","description":"Do you need an Injury Lawyer? Personal Injury Attorney George D. Jebaily at The Jebaily Law Firm can help. Call today to consult for free!","robots":{"index":"index","follow":"follow","max-snippet":"max-snippet:-1","max-image-preview":"max-image-preview:large","max-video-preview":"max-video-preview:-1"},"canonical":"https:\/\/www.jebailylaw.com\/es\/","og_locale":"es_ES","og_type":"article","og_title":"Personal Injury Attorney George D. Jebaily","og_description":"Do you need an Injury Lawyer? Personal Injury Attorney George D. Jebaily at The Jebaily Law Firm can help. Call today to consult for free!","og_url":"https:\/\/www.jebailylaw.com\/es\/","og_site_name":"www.jebailylaw.com","article_publisher":"https:\/\/www.facebook.com\/jebailylaw","article_modified_time":"2024-11-09T07:07:36+00:00","og_image":[{"width":1024,"height":1536,"url":"https:\/\/www.jebailylaw.com\/wp-content\/uploads\/2023\/03\/image001.jpg","type":"image\/jpeg"}],"twitter_card":"summary_large_image","twitter_site":"@JebailyLaw","twitter_misc":{"Tiempo de lectura":"2 minutos"},"schema":{"@context":"https:\/\/schema.org","@graph":[{"@type":"WebPage","@id":"https:\/\/www.jebailylaw.com\/es\/george-d-jebaily\/","url":"https:\/\/www.jebailylaw.com\/es\/","name":"Personal Injury Attorney George D. Jebaily","isPartOf":{"@id":"https:\/\/www.jebailylaw.com\/#website"},"primaryImageOfPage":{"@id":"https:\/\/www.jebailylaw.com\/es\/#primaryimage"},"image":{"@id":"https:\/\/www.jebailylaw.com\/es\/#primaryimage"},"thumbnailUrl":"https:\/\/www.jebailylaw.com\/wp-content\/uploads\/2023\/03\/image001.jpg","datePublished":"2020-10-05T14:14:07+00:00","dateModified":"2024-11-09T07:07:36+00:00","description":"Do you need an Injury Lawyer? Personal Injury Attorney George D. Jebaily at The Jebaily Law Firm can help. Call today to consult for free!","breadcrumb":{"@id":"https:\/\/www.jebailylaw.com\/es\/#breadcrumb"},"inLanguage":"es","potentialAction":[{"@type":"ReadAction","target":["https:\/\/www.jebailylaw.com\/es\/"]}]},{"@type":"ImageObject","inLanguage":"es","@id":"https:\/\/www.jebailylaw.com\/es\/#primaryimage","url":"https:\/\/www.jebailylaw.com\/wp-content\/uploads\/2023\/03\/image001.jpg","contentUrl":"https:\/\/www.jebailylaw.com\/wp-content\/uploads\/2023\/03\/image001.jpg","width":1024,"height":1536},{"@type":"BreadcrumbList","@id":"https:\/\/www.jebailylaw.com\/es\/#breadcrumb","itemListElement":[{"@type":"ListItem","position":1,"name":"Home","item":"https:\/\/www.jebailylaw.com\/"},{"@type":"ListItem","position":2,"name":"George D. Jebaily"}]},{"@type":"WebSite","@id":"https:\/\/www.jebailylaw.com\/#website","url":"https:\/\/www.jebailylaw.com\/","name":"www.jebailylaw.com","description":"","publisher":{"@id":"https:\/\/www.jebailylaw.com\/#organization"},"potentialAction":[{"@type":"SearchAction","target":{"@type":"EntryPoint","urlTemplate":"https:\/\/www.jebailylaw.com\/?s={search_term_string}"},"query-input":{"@type":"PropertyValueSpecification","valueRequired":true,"valueName":"search_term_string"}}],"inLanguage":"es"},{"@type":"Organization","@id":"https:\/\/www.jebailylaw.com\/#organization","name":"Jebaily Law Firm","url":"https:\/\/www.jebailylaw.com\/","logo":{"@type":"ImageObject","inLanguage":"es","@id":"https:\/\/www.jebailylaw.com\/#\/schema\/logo\/image\/","url":"https:\/\/www.jebailylaw.com\/wp-content\/uploads\/2021\/05\/author-jebaily-222x221-1.png","contentUrl":"https:\/\/www.jebailylaw.com\/wp-content\/uploads\/2021\/05\/author-jebaily-222x221-1.png","width":222,"height":221,"caption":"Jebaily Law Firm"},"image":{"@id":"https:\/\/www.jebailylaw.com\/#\/schema\/logo\/image\/"},"sameAs":["https:\/\/www.facebook.com\/jebailylaw","https:\/\/x.com\/JebailyLaw","https:\/\/www.linkedin.com\/company\/3475128?trk=tyah&amp;amp;amp;amp;trkInfo=clickedVertical:company,idx:1-1-1,tarId:1427902834538,tas:jebaily law"]}]}},"_links":{"self":[{"href":"https:\/\/www.jebailylaw.com\/es\/wp-json\/wp\/v2\/pages\/762444","targetHints":{"allow":["GET"]}}],"collection":[{"href":"https:\/\/www.jebailylaw.com\/es\/wp-json\/wp\/v2\/pages"}],"about":[{"href":"https:\/\/www.jebailylaw.com\/es\/wp-json\/wp\/v2\/types\/page"}],"author":[{"embeddable":true,"href":"https:\/\/www.jebailylaw.com\/es\/wp-json\/wp\/v2\/users\/9"}],"replies":[{"embeddable":true,"href":"https:\/\/www.jebailylaw.com\/es\/wp-json\/wp\/v2\/comments?post=762444"}],"version-history":[{"count":0,"href":"https:\/\/www.jebailylaw.com\/es\/wp-json\/wp\/v2\/pages\/762444\/revisions"}],"wp:featuredmedia":[{"embeddable":true,"href":"https:\/\/www.jebailylaw.com\/es\/wp-json\/wp\/v2\/media\/761948"}],"wp:attachment":[{"href":"https:\/\/www.jebailylaw.com\/es\/wp-json\/wp\/v2\/media?parent=762444"}],"curies":[{"name":"wp","href":"https:\/\/api.w.org\/{rel}","templated":true}]}}