{"id":762412,"date":"2020-10-05T14:05:56","date_gmt":"2020-10-05T14:05:56","guid":{"rendered":"https:\/\/www.jebailylaw.com\/personal-injury-lawyer\/"},"modified":"2024-06-18T15:13:02","modified_gmt":"2024-06-18T15:13:02","slug":"personal-injury-lawyer","status":"publish","type":"page","link":"https:\/\/www.jebailylaw.com\/es\/personal-injury-lawyer\/","title":{"rendered":"Abogado de Lesiones Personales"},"content":{"rendered":"<p>Cuando est\u00e9 listo para emprender acciones legales y presentar un <a href=\"https:\/\/www.jebailylaw.com\/personal-injury-lawyer\/wrongful-death\/\">reclamo por muerte por negligencia<\/a> despu\u00e9s de la p\u00e9rdida de un ser querido, nuestros abogados est\u00e1n aqu\u00ed para ayudar.<\/p>\n<p>Conocemos las luchas que enfrentan las v\u00edctimas de lesiones personales. Tambi\u00e9n sabemos lo que se necesita para ayudarlos a recuperarse. A lo largo de los a\u00f1os, hemos obtenido numerosos resultados positivos para nuestros clientes.<\/p>\n<p>Si ha resultado perjudicado por la negligencia de otra persona, puede contar con nuestro equipo legal para trabajar duro por usted. Dedicaremos toda nuestra habilidad, experiencia y recursos a buscar la cantidad m\u00e1xima de compensaci\u00f3n para usted y su familia. Sabemos lo importante que es su caso para usted. Tambi\u00e9n es importante para nosotros. No espere para obtener ayuda.<\/p>\n<p><iframe loading=\"lazy\" style=\"border: 0;\" src=\"https:\/\/www.google.com\/maps\/embed?pb=!1m14!1m8!1m3!1d13200.039688253892!2d-79.7703024!3d34.1972229!3m2!1i1024!2i768!4f13.1!3m3!1m2!1s0x885567112e1c0053%3A0x5d36a13863f0f0b8!2sJebaily%20Law%20Firm!5e0!3m2!1sen!2sus!4v1678828821625!5m2!1sen!2sus\" width=\"600\" height=\"450\" allowfullscreen=\"allowfullscreen\"><\/iframe><\/p>\n<p><a class=\"btn-button\" href=\"https:\/\/www.jebailylaw.com\/es\/contacta-con-nosotros\/\">Comun\u00edquese con Jebaily Law Firm hoy para comenzar con una consulta gratuita.<\/a><\/p>\n<h2 id=\"florence-injury-lawyers\" class=\"toc-heading\" title=\"\u00bfC\u00f3mo pueden ayudarle nuestros abogados de lesiones personales de Florence?\">\u00bfC\u00f3mo pueden ayudarle nuestros abogados de lesiones personales de Florence?<\/h2>\n\n\t\t\t\t\n\t\t\t\t\t<div id=\"video_play-716563\" class=\" vid-aligncenter\" style=\"display:block\">\n\t\t\t\t\t\t\n\t\t\t\t\t\t\t<iframe loading=\"lazy\" class=\"cw_video_single\" src=\"https:\/\/www.youtube.com\/embed\/zGhGkQwLwuI?rel=0&amp;showinfo=1&amp;autoplay=0\" allowfullscreen=\"allowfullscreen\" width=\"110%\" height=\"480px\" ><\/iframe>\n\n\t\t\t\t\t\t\n\t\t\t\t\t<\/div>\n\n\t\t\t\t\n\n\n\n\t\t\t\n\t\t\t\t\n<p>Despu\u00e9s de haber sufrido un accidente de cualquier tipo, es posible que deba informarlo a su propia aseguradora. Sin embargo, si la compa\u00f1\u00eda de seguros de otra parte se comunica con usted, le instamos a que se comunique con nuestra oficina para obtener respuestas y ayuda. Mientras tanto, le instamos a:<\/p>\n<ul>\n<li><a href=\"https:\/\/www.jebailylaw.com\/car-accident-lawyer\/what-not-to-tell-insurance-florence\/\">No dar una declaraci\u00f3n grabada<\/a><\/li>\n<li>No renunciar a tus derechos<\/li>\n<li>No conceder a la aseguradora acceso a sus registros m\u00e9dicos<\/li>\n<\/ul>\n<p>El objetivo de la compa\u00f1\u00eda de seguros es minimizar el valor de su reclamo. La aseguradora intentar\u00e1 utilizar cualquier declaraci\u00f3n que usted d\u00e9 o cualquier condici\u00f3n m\u00e9dica en sus registros en su contra para su beneficio.<\/p>\n<p>Para asegurarse de que sus derechos est\u00e9n protegidos, llame a los\u00a0<a href=\"https:\/\/www.jebailylaw.com\/es\/\">abogados de lesiones personales<\/a> de Jebaily Law Firm. Podemos proporcionar una consulta gratuita, inmediata y confidencial.<\/p>\n<h2>\u00bfQu\u00e9 debo llevar a mi consulta gratuita?<\/h2>\n<p>Si es posible, debe traer lo siguiente a su consulta inicial:<\/p>\n<ul>\n<li>El informe policial del accidente<\/li>\n<li>Copias de cualquier reclamo que haya presentado<\/li>\n<li>Sus registros m\u00e9dicos<\/li>\n<li>Comunicaciones con la compa\u00f1\u00eda de seguros<\/li>\n<\/ul>\n<p>Sin embargo, si no tiene estos elementos, no permita que eso le impida buscar ayuda legal. Una vez que aceptemos trabajar juntos, Jebaily Law Firm tratar\u00e1 directamente con la compa\u00f1\u00eda de seguros en su nombre mientras usted se concentra en mejorar.<\/p>\n<p>Adem\u00e1s, haremos:<\/p>\n<ul>\n<li><strong>Inicie el desarrollo inmediato de su caso<\/strong>. Pondremos a un equipo de investigadores, consultores y expertos a trabajar para determinar qu\u00e9 le sucedi\u00f3, qui\u00e9n debe ser considerado responsable y cu\u00e1nto debe compensarlo por el da\u00f1o que ha sufrido.<\/li>\n<li><strong>Exija una resoluci\u00f3n completa y justa de su reclamaci\u00f3n<\/strong>. Prepararemos cuidadosamente su caso por da\u00f1os y lo presentaremos a la aseguradora de la parte culpable. En muchos casos, podemos obtener una compensaci\u00f3n para nuestros clientes mediante un acuerdo sin necesidad de juicio.<\/li>\n<li><strong>Presentar un caso convincente en la sala del tribunal<\/strong>. Si la aseguradora no hace una oferta de acuerdo razonable, nuestros abogados litigantes estar\u00e1n listos para luchar por usted en los tribunales. <a href=\"https:\/\/www.jebailylaw.com\/contact-us\/staff\/\">Nuestra firma<\/a> cuenta con seis abogados con m\u00e1s de 100 a\u00f1os de experiencia legal combinada. Saben c\u00f3mo preparar casos para el juicio y presentar argumentos convincentes para los jurados.<\/li>\n<\/ul>\n<p>Tomamos casos sobre la base de honorarios de contingencia. No pagar\u00e1 costos iniciales ni nos deber\u00e1 honorarios legales a menos que obtengamos un acuerdo o veredicto para usted. Para obtener m\u00e1s informaci\u00f3n sobre el cronograma de un reclamo,\u00a0haga clic aqu\u00ed.<\/p>\n<p>Trabajar\u00e1 directamente con su abogado desde el inicio de su caso hasta su resoluci\u00f3n. Nuestros abogados conocen a nuestros clientes a nivel personal y trabajan con ellos como socios. Si tiene alguna pregunta o desea una actualizaci\u00f3n sobre su caso, todo lo que tendr\u00e1 que hacer es llamarnos.<\/p>\n","protected":false},"excerpt":{"rendered":"<p>Cuando est\u00e9 listo para emprender acciones legales y presentar un reclamo por muerte por negligencia despu\u00e9s de la p\u00e9rdida de un ser querido, nuestros abogados est\u00e1n aqu\u00ed para ayudar. Conocemos las luchas que enfrentan las v\u00edctimas de lesiones personales. Tambi\u00e9n sabemos lo que se necesita para ayudarlos a recuperarse. A&#8230;<\/p>\n","protected":false},"author":9,"featured_media":761588,"parent":0,"menu_order":54,"comment_status":"closed","ping_status":"closed","template":"practice-area.php","meta":{"_acf_changed":false,"footnotes":""},"class_list":["post-762412","page","type-page","status-publish","has-post-thumbnail","hentry"],"acf":[],"yoast_head":"<!-- This site is optimized with the Yoast SEO plugin v27.4 - https:\/\/yoast.com\/product\/yoast-seo-wordpress\/ -->\n<title>Abogados de lesiones personales en Florence - Jebaily Law Firm<\/title>\n<meta name=\"description\" content=\"\u00a1Los abogados de lesiones personales de Jebaily Law Firm en Florence, SC pueden ayudarlo a obtener la compensaci\u00f3n que se merece! Llame ahora para una consulta gratuita.\" \/>\n<meta name=\"robots\" content=\"index, follow, max-snippet:-1, max-image-preview:large, max-video-preview:-1\" \/>\n<link rel=\"canonical\" href=\"https:\/\/www.jebailylaw.com\/es\/personal-injury-lawyer\/\" \/>\n<meta property=\"og:locale\" content=\"es_ES\" \/>\n<meta property=\"og:type\" content=\"article\" \/>\n<meta property=\"og:title\" content=\"Abogados de lesiones personales en Florence - Jebaily Law Firm\" \/>\n<meta property=\"og:description\" content=\"Llame ahora para una consulta gratuita.\" \/>\n<meta property=\"og:url\" content=\"https:\/\/www.jebailylaw.com\/es\/personal-injury-lawyer\/\" \/>\n<meta property=\"og:site_name\" content=\"www.jebailylaw.com\" \/>\n<meta property=\"article:publisher\" content=\"https:\/\/www.facebook.com\/jebailylaw\" \/>\n<meta property=\"article:modified_time\" content=\"2024-06-18T15:13:02+00:00\" \/>\n<meta property=\"og:image\" content=\"https:\/\/www.jebailylaw.com\/wp-content\/uploads\/2021\/05\/featured-personal-injury.jpg\" \/>\n\t<meta property=\"og:image:width\" content=\"330\" \/>\n\t<meta property=\"og:image:height\" content=\"260\" \/>\n\t<meta property=\"og:image:type\" content=\"image\/jpeg\" \/>\n<meta name=\"twitter:card\" content=\"summary_large_image\" \/>\n<meta name=\"twitter:title\" content=\"Florence Personal Injury Lawyers\" \/>\n<meta name=\"twitter:description\" content=\"\u00a1Los abogados de lesiones personales de Jebaily Law Firm en Florence, SC pueden ayudarlo a obtener la compensaci\u00f3n que se merece!\" \/>\n<meta name=\"twitter:site\" content=\"@JebailyLaw\" \/>\n<meta name=\"twitter:label1\" content=\"Tiempo de lectura\" \/>\n\t<meta name=\"twitter:data1\" content=\"3 minutos\" \/>\n<!-- \/ Yoast SEO plugin. -->","yoast_head_json":{"title":"Abogados de lesiones personales en Florence - Jebaily Law Firm","description":"\u00a1Los abogados de lesiones personales de Jebaily Law Firm en Florence, SC pueden ayudarlo a obtener la compensaci\u00f3n que se merece! Llame ahora para una consulta gratuita.","robots":{"index":"index","follow":"follow","max-snippet":"max-snippet:-1","max-image-preview":"max-image-preview:large","max-video-preview":"max-video-preview:-1"},"canonical":"https:\/\/www.jebailylaw.com\/es\/personal-injury-lawyer\/","og_locale":"es_ES","og_type":"article","og_title":"Abogados de lesiones personales en Florence - Jebaily Law Firm","og_description":"Llame ahora para una consulta gratuita.","og_url":"https:\/\/www.jebailylaw.com\/es\/personal-injury-lawyer\/","og_site_name":"www.jebailylaw.com","article_publisher":"https:\/\/www.facebook.com\/jebailylaw","article_modified_time":"2024-06-18T15:13:02+00:00","og_image":[{"width":330,"height":260,"url":"https:\/\/www.jebailylaw.com\/wp-content\/uploads\/2021\/05\/featured-personal-injury.jpg","type":"image\/jpeg"}],"twitter_card":"summary_large_image","twitter_title":"Florence Personal Injury Lawyers","twitter_description":"\u00a1Los abogados de lesiones personales de Jebaily Law Firm en Florence, SC pueden ayudarlo a obtener la compensaci\u00f3n que se merece!","twitter_site":"@JebailyLaw","twitter_misc":{"Tiempo de lectura":"3 minutos"},"schema":{"@context":"https:\/\/schema.org","@graph":[{"@type":"WebPage","@id":"https:\/\/www.jebailylaw.com\/es\/personal-injury-lawyer\/","url":"https:\/\/www.jebailylaw.com\/es\/personal-injury-lawyer\/","name":"Abogados de lesiones personales en Florence - Jebaily Law Firm","isPartOf":{"@id":"https:\/\/www.jebailylaw.com\/#website"},"primaryImageOfPage":{"@id":"https:\/\/www.jebailylaw.com\/es\/personal-injury-lawyer\/#primaryimage"},"image":{"@id":"https:\/\/www.jebailylaw.com\/es\/personal-injury-lawyer\/#primaryimage"},"thumbnailUrl":"https:\/\/www.jebailylaw.com\/wp-content\/uploads\/2021\/05\/featured-personal-injury.jpg","datePublished":"2020-10-05T14:05:56+00:00","dateModified":"2024-06-18T15:13:02+00:00","description":"\u00a1Los abogados de lesiones personales de Jebaily Law Firm en Florence, SC pueden ayudarlo a obtener la compensaci\u00f3n que se merece! Llame ahora para una consulta gratuita.","breadcrumb":{"@id":"https:\/\/www.jebailylaw.com\/es\/personal-injury-lawyer\/#breadcrumb"},"inLanguage":"es","potentialAction":[{"@type":"ReadAction","target":["https:\/\/www.jebailylaw.com\/es\/personal-injury-lawyer\/"]}]},{"@type":"ImageObject","inLanguage":"es","@id":"https:\/\/www.jebailylaw.com\/es\/personal-injury-lawyer\/#primaryimage","url":"https:\/\/www.jebailylaw.com\/wp-content\/uploads\/2021\/05\/featured-personal-injury.jpg","contentUrl":"https:\/\/www.jebailylaw.com\/wp-content\/uploads\/2021\/05\/featured-personal-injury.jpg","width":330,"height":260},{"@type":"BreadcrumbList","@id":"https:\/\/www.jebailylaw.com\/es\/personal-injury-lawyer\/#breadcrumb","itemListElement":[{"@type":"ListItem","position":1,"name":"Home","item":"https:\/\/www.jebailylaw.com\/"},{"@type":"ListItem","position":2,"name":"Abogado de Lesiones Personales"}]},{"@type":"WebSite","@id":"https:\/\/www.jebailylaw.com\/#website","url":"https:\/\/www.jebailylaw.com\/","name":"www.jebailylaw.com","description":"","publisher":{"@id":"https:\/\/www.jebailylaw.com\/#organization"},"potentialAction":[{"@type":"SearchAction","target":{"@type":"EntryPoint","urlTemplate":"https:\/\/www.jebailylaw.com\/?s={search_term_string}"},"query-input":{"@type":"PropertyValueSpecification","valueRequired":true,"valueName":"search_term_string"}}],"inLanguage":"es"},{"@type":"Organization","@id":"https:\/\/www.jebailylaw.com\/#organization","name":"Jebaily Law Firm","url":"https:\/\/www.jebailylaw.com\/","logo":{"@type":"ImageObject","inLanguage":"es","@id":"https:\/\/www.jebailylaw.com\/#\/schema\/logo\/image\/","url":"https:\/\/www.jebailylaw.com\/wp-content\/uploads\/2021\/05\/author-jebaily-222x221-1.png","contentUrl":"https:\/\/www.jebailylaw.com\/wp-content\/uploads\/2021\/05\/author-jebaily-222x221-1.png","width":222,"height":221,"caption":"Jebaily Law Firm"},"image":{"@id":"https:\/\/www.jebailylaw.com\/#\/schema\/logo\/image\/"},"sameAs":["https:\/\/www.facebook.com\/jebailylaw","https:\/\/x.com\/JebailyLaw","https:\/\/www.linkedin.com\/company\/3475128?trk=tyah&amp;amp;amp;amp;trkInfo=clickedVertical:company,idx:1-1-1,tarId:1427902834538,tas:jebaily law"]}]}},"_links":{"self":[{"href":"https:\/\/www.jebailylaw.com\/es\/wp-json\/wp\/v2\/pages\/762412","targetHints":{"allow":["GET"]}}],"collection":[{"href":"https:\/\/www.jebailylaw.com\/es\/wp-json\/wp\/v2\/pages"}],"about":[{"href":"https:\/\/www.jebailylaw.com\/es\/wp-json\/wp\/v2\/types\/page"}],"author":[{"embeddable":true,"href":"https:\/\/www.jebailylaw.com\/es\/wp-json\/wp\/v2\/users\/9"}],"replies":[{"embeddable":true,"href":"https:\/\/www.jebailylaw.com\/es\/wp-json\/wp\/v2\/comments?post=762412"}],"version-history":[{"count":0,"href":"https:\/\/www.jebailylaw.com\/es\/wp-json\/wp\/v2\/pages\/762412\/revisions"}],"wp:featuredmedia":[{"embeddable":true,"href":"https:\/\/www.jebailylaw.com\/es\/wp-json\/wp\/v2\/media\/761588"}],"wp:attachment":[{"href":"https:\/\/www.jebailylaw.com\/es\/wp-json\/wp\/v2\/media?parent=762412"}],"curies":[{"name":"wp","href":"https:\/\/api.w.org\/{rel}","templated":true}]}}