{"id":762386,"date":"2020-09-30T01:08:31","date_gmt":"2020-09-30T01:08:31","guid":{"rendered":"https:\/\/www.jebailylaw.com\/oficina-de-north-myrtle-beach\/"},"modified":"2024-05-08T14:04:17","modified_gmt":"2024-05-08T14:04:17","slug":"oficina-de-north-myrtle-beach","status":"publish","type":"page","link":"https:\/\/www.jebailylaw.com\/es\/oficina-de-north-myrtle-beach\/","title":{"rendered":"Oficina de North Myrtle Beach"},"content":{"rendered":"<p>Jebaily Law Firm est\u00e1 entusiasmado de ser parte de la comunidad de North Myrtle Beach.<\/p>\n<p>Durante m\u00e1s de 50 a\u00f1os, los abogados de lesiones personales de <a href=\"https:\/\/www.jebailylaw.com\/es\/\">Jebaily Law Firm<\/a> han estado protegiendo los derechos legales de las v\u00edctimas de accidentes en todo Carolina del Sur. Con m\u00e1s de un siglo de experiencia legal colectiva, nuestros abogados tienen las habilidades necesarias para manejar incluso los casos de lesiones personales m\u00e1s complejos y dif\u00edciles. Nos tomamos el tiempo para escucharlo acerca de sus necesidades, objetivos e inquietudes para ayudarlo a seguir una estrategia legal dirigida a los resultados que desea.<\/p>\n<p>Establecidos en 1969, tenemos m\u00e1s de 100 a\u00f1os de experiencia legal combinada en la protecci\u00f3n de los derechos de los clientes y la defensa de la seguridad y el bienestar de los ciudadanos de Carolina del Sur. Nuestros abogados y personal participan en varios eventos comunitarios, se mantienen comprometidos con l\u00edderes federales, estatales y locales en temas locales importantes y son voluntarios en muchas iniciativas y actividades. Contribuimos a organizaciones locales y nacionales que fortalecen las comunidades de Carolina del Sur.<\/p>\n<p>Si result\u00f3 herido en un accidente en North Myrtle Beach, merece buscar justicia de los responsables del da\u00f1o que ha sufrido. Pero no es necesario que usted pase solo por el complejo proceso de reclamos por lesiones personales. Un abogado experto en lesiones personales de North Myrtle Beach puede ayudarle a buscar los recursos financieros que necesita para cubrir sus p\u00e9rdidas y ayudarle a seguir adelante despu\u00e9s de un accidente.<\/p>\n<p>Comun\u00edquese con nuestra firma para una evaluaci\u00f3n gratuita de su caso con un abogado de lesiones personales de North Myrtle Beach cerca de usted. Conozca sus opciones legales para buscar compensaci\u00f3n financiera y justicia por sus p\u00e9rdidas. Ll\u00e1menos o cont\u00e1ctenos <a href=\"https:\/\/www.jebailylaw.com\/es\/contacta-con-nosotros\/\"><u>online<\/u><\/a>\u00a0hoy. Estamos listos para empezar a trabajar para usted.<\/p>\n","protected":false},"excerpt":{"rendered":"<p>Jebaily Law Firm est\u00e1 entusiasmado de ser parte de la comunidad de North Myrtle Beach. Durante m\u00e1s de 50 a\u00f1os, los abogados de lesiones personales de Jebaily Law Firm han estado protegiendo los derechos legales de las v\u00edctimas de accidentes en todo Carolina del Sur. Con m\u00e1s de un siglo&#8230;<\/p>\n","protected":false},"author":5,"featured_media":761820,"parent":0,"menu_order":104,"comment_status":"closed","ping_status":"closed","template":"location.php","meta":{"_acf_changed":false,"footnotes":""},"class_list":["post-762386","page","type-page","status-publish","has-post-thumbnail","hentry"],"acf":[],"yoast_head":"<!-- This site is optimized with the Yoast SEO plugin v27.3 - https:\/\/yoast.com\/product\/yoast-seo-wordpress\/ -->\n<title>Personal Injury Attorneys North Myrtle Beach | Jebaily Law Firm<\/title>\n<meta name=\"description\" content=\"Injured in North Myrtle Beach? Call the North Myrtle Beach personal injury attorneys and get the help you deserve!\" \/>\n<meta name=\"robots\" content=\"index, follow, max-snippet:-1, max-image-preview:large, max-video-preview:-1\" \/>\n<link rel=\"canonical\" href=\"https:\/\/www.jebailylaw.com\/es\/oficina-de-north-myrtle-beach\/\" \/>\n<meta property=\"og:locale\" content=\"es_ES\" \/>\n<meta property=\"og:type\" content=\"article\" \/>\n<meta property=\"og:title\" content=\"Personal Injury Attorneys North Myrtle Beach | Jebaily Law Firm\" \/>\n<meta property=\"og:description\" content=\"Injured in North Myrtle Beach? Call the North Myrtle Beach personal injury lawyers and get the help you deserve!\" \/>\n<meta property=\"og:url\" content=\"https:\/\/www.jebailylaw.com\/es\/oficina-de-north-myrtle-beach\/\" \/>\n<meta property=\"og:site_name\" content=\"www.jebailylaw.com\" \/>\n<meta property=\"article:publisher\" content=\"https:\/\/www.facebook.com\/jebailylaw\" \/>\n<meta property=\"article:modified_time\" content=\"2024-05-08T14:04:17+00:00\" \/>\n<meta property=\"og:image\" content=\"https:\/\/www.jebailylaw.com\/wp-content\/uploads\/2021\/10\/shutterstock_1993794707.jpg\" \/>\n\t<meta property=\"og:image:width\" content=\"1000\" \/>\n\t<meta property=\"og:image:height\" content=\"667\" \/>\n\t<meta property=\"og:image:type\" content=\"image\/jpeg\" \/>\n<meta name=\"twitter:card\" content=\"summary_large_image\" \/>\n<meta name=\"twitter:title\" content=\"Personal Injury Attorneys North Myrtle Beach | Jebaily Law Firm\" \/>\n<meta name=\"twitter:description\" content=\"\u00bfLesionado en North Myrtle Beach? \u00a1Llame a los abogados de lesiones personales de North Myrtle Beach y obtenga la ayuda que se merece!\" \/>\n<meta name=\"twitter:site\" content=\"@JebailyLaw\" \/>\n<meta name=\"twitter:label1\" content=\"Tiempo de lectura\" \/>\n\t<meta name=\"twitter:data1\" content=\"2 minutos\" \/>\n<!-- \/ Yoast SEO plugin. -->","yoast_head_json":{"title":"Personal Injury Attorneys North Myrtle Beach | Jebaily Law Firm","description":"Injured in North Myrtle Beach? Call the North Myrtle Beach personal injury attorneys and get the help you deserve!","robots":{"index":"index","follow":"follow","max-snippet":"max-snippet:-1","max-image-preview":"max-image-preview:large","max-video-preview":"max-video-preview:-1"},"canonical":"https:\/\/www.jebailylaw.com\/es\/oficina-de-north-myrtle-beach\/","og_locale":"es_ES","og_type":"article","og_title":"Personal Injury Attorneys North Myrtle Beach | Jebaily Law Firm","og_description":"Injured in North Myrtle Beach? Call the North Myrtle Beach personal injury lawyers and get the help you deserve!","og_url":"https:\/\/www.jebailylaw.com\/es\/oficina-de-north-myrtle-beach\/","og_site_name":"www.jebailylaw.com","article_publisher":"https:\/\/www.facebook.com\/jebailylaw","article_modified_time":"2024-05-08T14:04:17+00:00","og_image":[{"width":1000,"height":667,"url":"https:\/\/www.jebailylaw.com\/wp-content\/uploads\/2021\/10\/shutterstock_1993794707.jpg","type":"image\/jpeg"}],"twitter_card":"summary_large_image","twitter_title":"Personal Injury Attorneys North Myrtle Beach | Jebaily Law Firm","twitter_description":"\u00bfLesionado en North Myrtle Beach? \u00a1Llame a los abogados de lesiones personales de North Myrtle Beach y obtenga la ayuda que se merece!","twitter_site":"@JebailyLaw","twitter_misc":{"Tiempo de lectura":"2 minutos"},"schema":{"@context":"https:\/\/schema.org","@graph":[{"@type":"WebPage","@id":"https:\/\/www.jebailylaw.com\/es\/oficina-de-north-myrtle-beach\/","url":"https:\/\/www.jebailylaw.com\/es\/oficina-de-north-myrtle-beach\/","name":"Personal Injury Attorneys North Myrtle Beach | Jebaily Law Firm","isPartOf":{"@id":"https:\/\/www.jebailylaw.com\/#website"},"primaryImageOfPage":{"@id":"https:\/\/www.jebailylaw.com\/es\/oficina-de-north-myrtle-beach\/#primaryimage"},"image":{"@id":"https:\/\/www.jebailylaw.com\/es\/oficina-de-north-myrtle-beach\/#primaryimage"},"thumbnailUrl":"https:\/\/www.jebailylaw.com\/wp-content\/uploads\/2021\/10\/shutterstock_1993794707.jpg","datePublished":"2020-09-30T01:08:31+00:00","dateModified":"2024-05-08T14:04:17+00:00","description":"Injured in North Myrtle Beach? Call the North Myrtle Beach personal injury attorneys and get the help you deserve!","breadcrumb":{"@id":"https:\/\/www.jebailylaw.com\/es\/oficina-de-north-myrtle-beach\/#breadcrumb"},"inLanguage":"es","potentialAction":[{"@type":"ReadAction","target":["https:\/\/www.jebailylaw.com\/es\/oficina-de-north-myrtle-beach\/"]}]},{"@type":"ImageObject","inLanguage":"es","@id":"https:\/\/www.jebailylaw.com\/es\/oficina-de-north-myrtle-beach\/#primaryimage","url":"https:\/\/www.jebailylaw.com\/wp-content\/uploads\/2021\/10\/shutterstock_1993794707.jpg","contentUrl":"https:\/\/www.jebailylaw.com\/wp-content\/uploads\/2021\/10\/shutterstock_1993794707.jpg","width":1000,"height":667},{"@type":"BreadcrumbList","@id":"https:\/\/www.jebailylaw.com\/es\/oficina-de-north-myrtle-beach\/#breadcrumb","itemListElement":[{"@type":"ListItem","position":1,"name":"Home","item":"https:\/\/www.jebailylaw.com\/"},{"@type":"ListItem","position":2,"name":"Oficina de North Myrtle Beach"}]},{"@type":"WebSite","@id":"https:\/\/www.jebailylaw.com\/#website","url":"https:\/\/www.jebailylaw.com\/","name":"www.jebailylaw.com","description":"","publisher":{"@id":"https:\/\/www.jebailylaw.com\/#organization"},"potentialAction":[{"@type":"SearchAction","target":{"@type":"EntryPoint","urlTemplate":"https:\/\/www.jebailylaw.com\/?s={search_term_string}"},"query-input":{"@type":"PropertyValueSpecification","valueRequired":true,"valueName":"search_term_string"}}],"inLanguage":"es"},{"@type":"Organization","@id":"https:\/\/www.jebailylaw.com\/#organization","name":"Jebaily Law Firm","url":"https:\/\/www.jebailylaw.com\/","logo":{"@type":"ImageObject","inLanguage":"es","@id":"https:\/\/www.jebailylaw.com\/#\/schema\/logo\/image\/","url":"https:\/\/www.jebailylaw.com\/wp-content\/uploads\/2021\/05\/author-jebaily-222x221-1.png","contentUrl":"https:\/\/www.jebailylaw.com\/wp-content\/uploads\/2021\/05\/author-jebaily-222x221-1.png","width":222,"height":221,"caption":"Jebaily Law Firm"},"image":{"@id":"https:\/\/www.jebailylaw.com\/#\/schema\/logo\/image\/"},"sameAs":["https:\/\/www.facebook.com\/jebailylaw","https:\/\/x.com\/JebailyLaw","https:\/\/www.linkedin.com\/company\/3475128?trk=tyah&amp;amp;amp;amp;trkInfo=clickedVertical:company,idx:1-1-1,tarId:1427902834538,tas:jebaily law"]}]}},"_links":{"self":[{"href":"https:\/\/www.jebailylaw.com\/es\/wp-json\/wp\/v2\/pages\/762386","targetHints":{"allow":["GET"]}}],"collection":[{"href":"https:\/\/www.jebailylaw.com\/es\/wp-json\/wp\/v2\/pages"}],"about":[{"href":"https:\/\/www.jebailylaw.com\/es\/wp-json\/wp\/v2\/types\/page"}],"author":[{"embeddable":true,"href":"https:\/\/www.jebailylaw.com\/es\/wp-json\/wp\/v2\/users\/5"}],"replies":[{"embeddable":true,"href":"https:\/\/www.jebailylaw.com\/es\/wp-json\/wp\/v2\/comments?post=762386"}],"version-history":[{"count":0,"href":"https:\/\/www.jebailylaw.com\/es\/wp-json\/wp\/v2\/pages\/762386\/revisions"}],"wp:featuredmedia":[{"embeddable":true,"href":"https:\/\/www.jebailylaw.com\/es\/wp-json\/wp\/v2\/media\/761820"}],"wp:attachment":[{"href":"https:\/\/www.jebailylaw.com\/es\/wp-json\/wp\/v2\/media?parent=762386"}],"curies":[{"name":"wp","href":"https:\/\/api.w.org\/{rel}","templated":true}]}}